{"id":499,"date":"2018-10-01T15:52:36","date_gmt":"2018-10-01T13:52:36","guid":{"rendered":"https:\/\/www.fastbolt.com\/portugal\/?page_id=499"},"modified":"2024-10-31T14:26:07","modified_gmt":"2024-10-31T13:26:07","slug":"trabalhar-na-fastbolt","status":"publish","type":"page","link":"https:\/\/www.fastbolt.com\/portugal\/carreira\/trabalhar-na-fastbolt\/","title":{"rendered":"Working at Fastbolt"},"content":{"rendered":"<div class=\"wpb-content-wrapper\"><p>[vc_section full_width=&#8221;stretch_row&#8221; full_height=&#8221;yes&#8221; content_placement=&#8221;middle&#8221; css=&#8221;.vc_custom_1536586464864{margin-bottom: -80px !important;background-image: url(https:\/\/www.fastbolt.com\/wp-content\/uploads\/2018\/08\/HIntergrund-H\u00e4ndlerfokus.jpg?id=783) !important;}&#8221; el_class=&#8221;text-white&#8221;][vc_row content_placement=&#8221;middle&#8221;][vc_column width=&#8221;1\/2&#8243;][vc_column_text]<\/p>\n<h2>Trabalhar na Fastbolt<\/h2>\n<h3>O \u201cPACOTE FASTBOLT\u201d INCLUI UM N\u00daMERO DE VANTAGENS DO PONTO DE VISTA DOS COLABORADORES:<\/h3>\n<p>[\/vc_column_text][vc_column_text]<\/p>\n<ul>\n<li>Hor\u00e1rio de trabalho flex\u00edvel<\/li>\n<\/ul>\n<p>[\/vc_column_text][vc_column_text]<\/p>\n<ul>\n<li>Espa\u00e7o de trabalho moderno<\/li>\n<\/ul>\n<p>[\/vc_column_text][vc_column_text]<\/p>\n<ul>\n<li>\n<div id=\"tw-target-text-container\" class=\"gsrt tw-ta-container tw-nfl\">\n<p id=\"tw-target-text\" class=\"tw-data-text tw-ta tw-text-medium\" dir=\"ltr\">Programas de forma\u00e7\u00e3o e est\u00e1gio<\/p>\n<\/div>\n<\/li>\n<\/ul>\n<p>[\/vc_column_text][\/vc_column][vc_column width=&#8221;1\/2&#8243;][mhwp_carousel slides=&#8221;1&#8243; slides_tablet_landscape=&#8221;1&#8243; slides_tablet=&#8221;1&#8243; arrows=&#8221;true&#8221; dots=&#8221;true&#8221; autoplay=&#8221;true&#8221;][mhwp_carousel_img img=&#8221;409&#8243;][\/mhwp_carousel_img][\/mhwp_carousel][\/vc_column][\/vc_row][\/vc_section]<\/p>\n<\/div>","protected":false},"excerpt":{"rendered":"<p>[vc_section full_width=&#8221;stretch_row&#8221; full_height=&#8221;yes&#8221; content_placement=&#8221;middle&#8221; css=&#8221;.vc_custom_1536586464864{margin-bottom: -80px !important;background-image: url(https:\/\/www.fastbolt.com\/wp-content\/uploads\/2018\/08\/HIntergrund-H\u00e4ndlerfokus.jpg?id=783) !important;}&#8221; el_class=&#8221;text-white&#8221;][vc_row content_placement=&#8221;middle&#8221;][vc_column width=&#8221;1\/2&#8243;][vc_column_text] Trabalhar na Fastbolt O \u201cPACOTE FASTBOLT\u201d INCLUI UM N\u00daMERO DE VANTAGENS DO PONTO DE VISTA DOS COLABORADORES: [\/vc_column_text][vc_column_text] Hor\u00e1rio de trabalho flex\u00edvel [\/vc_column_text][vc_column_text] Espa\u00e7o de trabalho moderno [\/vc_column_text][vc_column_text] Programas de forma\u00e7\u00e3o e est\u00e1gio [\/vc_column_text][\/vc_column][vc_column width=&#8221;1\/2&#8243;][mhwp_carousel slides=&#8221;1&#8243; slides_tablet_landscape=&#8221;1&#8243; slides_tablet=&#8221;1&#8243; arrows=&#8221;true&#8221; dots=&#8221;true&#8221; autoplay=&#8221;true&#8221;][mhwp_carousel_img img=&#8221;409&#8243;][\/mhwp_carousel_img][\/mhwp_carousel][\/vc_column][\/vc_row][\/vc_section]<\/p>\n","protected":false},"author":5,"featured_media":0,"parent":490,"menu_order":0,"comment_status":"closed","ping_status":"closed","template":"tpl-no-padding.php","meta":{"_acf_changed":false,"inline_featured_image":false,"footnotes":""},"class_list":["post-499","page","type-page","status-publish","hentry"],"acf":[],"yoast_head":"<!-- This site is optimized with the Yoast SEO plugin v27.5 - https:\/\/yoast.com\/product\/yoast-seo-wordpress\/ -->\n<title>Working at Fastbolt - Fastbolt Portugal<\/title>\n<meta name=\"robots\" content=\"index, follow, max-snippet:-1, max-image-preview:large, max-video-preview:-1\" \/>\n<link rel=\"canonical\" href=\"https:\/\/www.fastbolt.com\/portugal\/carreira\/trabalhar-na-fastbolt\/\" \/>\n<meta property=\"og:locale\" content=\"de_DE\" \/>\n<meta property=\"og:type\" content=\"article\" \/>\n<meta property=\"og:title\" content=\"Working at Fastbolt - Fastbolt Portugal\" \/>\n<meta property=\"og:description\" content=\"[vc_section full_width=&#8221;stretch_row&#8221; full_height=&#8221;yes&#8221; content_placement=&#8221;middle&#8221; css=&#8221;.vc_custom_1536586464864{margin-bottom: -80px !important;background-image: url(https:\/\/www.fastbolt.com\/wp-content\/uploads\/2018\/08\/HIntergrund-H\u00e4ndlerfokus.jpg?id=783) !important;}&#8221; el_class=&#8221;text-white&#8221;][vc_row content_placement=&#8221;middle&#8221;][vc_column width=&#8221;1\/2&#8243;][vc_column_text] Trabalhar na Fastbolt O \u201cPACOTE FASTBOLT\u201d INCLUI UM N\u00daMERO DE VANTAGENS DO PONTO DE VISTA DOS COLABORADORES: [\/vc_column_text][vc_column_text] Hor\u00e1rio de trabalho flex\u00edvel [\/vc_column_text][vc_column_text] Espa\u00e7o de trabalho moderno [\/vc_column_text][vc_column_text] Programas de forma\u00e7\u00e3o e est\u00e1gio [\/vc_column_text][\/vc_column][vc_column width=&#8221;1\/2&#8243;][mhwp_carousel slides=&#8221;1&#8243; slides_tablet_landscape=&#8221;1&#8243; slides_tablet=&#8221;1&#8243; arrows=&#8221;true&#8221; dots=&#8221;true&#8221; autoplay=&#8221;true&#8221;][mhwp_carousel_img img=&#8221;409&#8243;][\/mhwp_carousel_img][\/mhwp_carousel][\/vc_column][\/vc_row][\/vc_section]\" \/>\n<meta property=\"og:url\" content=\"https:\/\/www.fastbolt.com\/portugal\/carreira\/trabalhar-na-fastbolt\/\" \/>\n<meta property=\"og:site_name\" content=\"Fastbolt Portugal\" \/>\n<meta property=\"article:modified_time\" content=\"2024-10-31T13:26:07+00:00\" \/>\n<meta name=\"twitter:card\" content=\"summary_large_image\" \/>\n<meta name=\"twitter:label1\" content=\"Gesch\u00e4tzte Lesezeit\" \/>\n\t<meta name=\"twitter:data1\" content=\"1\u00a0Minute\" \/>\n<script type=\"application\/ld+json\" class=\"yoast-schema-graph\">{\"@context\":\"https:\\\/\\\/schema.org\",\"@graph\":[{\"@type\":\"WebPage\",\"@id\":\"https:\\\/\\\/www.fastbolt.com\\\/portugal\\\/carreira\\\/trabalhar-na-fastbolt\\\/\",\"url\":\"https:\\\/\\\/www.fastbolt.com\\\/portugal\\\/carreira\\\/trabalhar-na-fastbolt\\\/\",\"name\":\"Working at Fastbolt - Fastbolt Portugal\",\"isPartOf\":{\"@id\":\"https:\\\/\\\/www.fastbolt.com\\\/portugal\\\/#website\"},\"datePublished\":\"2018-10-01T13:52:36+00:00\",\"dateModified\":\"2024-10-31T13:26:07+00:00\",\"breadcrumb\":{\"@id\":\"https:\\\/\\\/www.fastbolt.com\\\/portugal\\\/carreira\\\/trabalhar-na-fastbolt\\\/#breadcrumb\"},\"inLanguage\":\"de\",\"potentialAction\":[{\"@type\":\"ReadAction\",\"target\":[\"https:\\\/\\\/www.fastbolt.com\\\/portugal\\\/carreira\\\/trabalhar-na-fastbolt\\\/\"]}]},{\"@type\":\"BreadcrumbList\",\"@id\":\"https:\\\/\\\/www.fastbolt.com\\\/portugal\\\/carreira\\\/trabalhar-na-fastbolt\\\/#breadcrumb\",\"itemListElement\":[{\"@type\":\"ListItem\",\"position\":1,\"name\":\"Career\",\"item\":\"https:\\\/\\\/www.fastbolt.com\\\/portugal\\\/carreira\\\/\"},{\"@type\":\"ListItem\",\"position\":2,\"name\":\"Working at Fastbolt\"}]},{\"@type\":\"WebSite\",\"@id\":\"https:\\\/\\\/www.fastbolt.com\\\/portugal\\\/#website\",\"url\":\"https:\\\/\\\/www.fastbolt.com\\\/portugal\\\/\",\"name\":\"Fastbolt Portugal\",\"description\":\"Eine weitere Fastbolt Websites Website\",\"potentialAction\":[{\"@type\":\"SearchAction\",\"target\":{\"@type\":\"EntryPoint\",\"urlTemplate\":\"https:\\\/\\\/www.fastbolt.com\\\/portugal\\\/?s={search_term_string}\"},\"query-input\":{\"@type\":\"PropertyValueSpecification\",\"valueRequired\":true,\"valueName\":\"search_term_string\"}}],\"inLanguage\":\"de\"}]}<\/script>\n<!-- \/ Yoast SEO plugin. -->","yoast_head_json":{"title":"Working at Fastbolt - Fastbolt Portugal","robots":{"index":"index","follow":"follow","max-snippet":"max-snippet:-1","max-image-preview":"max-image-preview:large","max-video-preview":"max-video-preview:-1"},"canonical":"https:\/\/www.fastbolt.com\/portugal\/carreira\/trabalhar-na-fastbolt\/","og_locale":"de_DE","og_type":"article","og_title":"Working at Fastbolt - Fastbolt Portugal","og_description":"[vc_section full_width=&#8221;stretch_row&#8221; full_height=&#8221;yes&#8221; content_placement=&#8221;middle&#8221; css=&#8221;.vc_custom_1536586464864{margin-bottom: -80px !important;background-image: url(https:\/\/www.fastbolt.com\/wp-content\/uploads\/2018\/08\/HIntergrund-H\u00e4ndlerfokus.jpg?id=783) !important;}&#8221; el_class=&#8221;text-white&#8221;][vc_row content_placement=&#8221;middle&#8221;][vc_column width=&#8221;1\/2&#8243;][vc_column_text] Trabalhar na Fastbolt O \u201cPACOTE FASTBOLT\u201d INCLUI UM N\u00daMERO DE VANTAGENS DO PONTO DE VISTA DOS COLABORADORES: [\/vc_column_text][vc_column_text] Hor\u00e1rio de trabalho flex\u00edvel [\/vc_column_text][vc_column_text] Espa\u00e7o de trabalho moderno [\/vc_column_text][vc_column_text] Programas de forma\u00e7\u00e3o e est\u00e1gio [\/vc_column_text][\/vc_column][vc_column width=&#8221;1\/2&#8243;][mhwp_carousel slides=&#8221;1&#8243; slides_tablet_landscape=&#8221;1&#8243; slides_tablet=&#8221;1&#8243; arrows=&#8221;true&#8221; dots=&#8221;true&#8221; autoplay=&#8221;true&#8221;][mhwp_carousel_img img=&#8221;409&#8243;][\/mhwp_carousel_img][\/mhwp_carousel][\/vc_column][\/vc_row][\/vc_section]","og_url":"https:\/\/www.fastbolt.com\/portugal\/carreira\/trabalhar-na-fastbolt\/","og_site_name":"Fastbolt Portugal","article_modified_time":"2024-10-31T13:26:07+00:00","twitter_card":"summary_large_image","twitter_misc":{"Gesch\u00e4tzte Lesezeit":"1\u00a0Minute"},"schema":{"@context":"https:\/\/schema.org","@graph":[{"@type":"WebPage","@id":"https:\/\/www.fastbolt.com\/portugal\/carreira\/trabalhar-na-fastbolt\/","url":"https:\/\/www.fastbolt.com\/portugal\/carreira\/trabalhar-na-fastbolt\/","name":"Working at Fastbolt - Fastbolt Portugal","isPartOf":{"@id":"https:\/\/www.fastbolt.com\/portugal\/#website"},"datePublished":"2018-10-01T13:52:36+00:00","dateModified":"2024-10-31T13:26:07+00:00","breadcrumb":{"@id":"https:\/\/www.fastbolt.com\/portugal\/carreira\/trabalhar-na-fastbolt\/#breadcrumb"},"inLanguage":"de","potentialAction":[{"@type":"ReadAction","target":["https:\/\/www.fastbolt.com\/portugal\/carreira\/trabalhar-na-fastbolt\/"]}]},{"@type":"BreadcrumbList","@id":"https:\/\/www.fastbolt.com\/portugal\/carreira\/trabalhar-na-fastbolt\/#breadcrumb","itemListElement":[{"@type":"ListItem","position":1,"name":"Career","item":"https:\/\/www.fastbolt.com\/portugal\/carreira\/"},{"@type":"ListItem","position":2,"name":"Working at Fastbolt"}]},{"@type":"WebSite","@id":"https:\/\/www.fastbolt.com\/portugal\/#website","url":"https:\/\/www.fastbolt.com\/portugal\/","name":"Fastbolt Portugal","description":"Eine weitere Fastbolt Websites Website","potentialAction":[{"@type":"SearchAction","target":{"@type":"EntryPoint","urlTemplate":"https:\/\/www.fastbolt.com\/portugal\/?s={search_term_string}"},"query-input":{"@type":"PropertyValueSpecification","valueRequired":true,"valueName":"search_term_string"}}],"inLanguage":"de"}]}},"_links":{"self":[{"href":"https:\/\/www.fastbolt.com\/portugal\/wp-json\/wp\/v2\/pages\/499","targetHints":{"allow":["GET"]}}],"collection":[{"href":"https:\/\/www.fastbolt.com\/portugal\/wp-json\/wp\/v2\/pages"}],"about":[{"href":"https:\/\/www.fastbolt.com\/portugal\/wp-json\/wp\/v2\/types\/page"}],"author":[{"embeddable":true,"href":"https:\/\/www.fastbolt.com\/portugal\/wp-json\/wp\/v2\/users\/5"}],"replies":[{"embeddable":true,"href":"https:\/\/www.fastbolt.com\/portugal\/wp-json\/wp\/v2\/comments?post=499"}],"version-history":[{"count":10,"href":"https:\/\/www.fastbolt.com\/portugal\/wp-json\/wp\/v2\/pages\/499\/revisions"}],"predecessor-version":[{"id":4323,"href":"https:\/\/www.fastbolt.com\/portugal\/wp-json\/wp\/v2\/pages\/499\/revisions\/4323"}],"up":[{"embeddable":true,"href":"https:\/\/www.fastbolt.com\/portugal\/wp-json\/wp\/v2\/pages\/490"}],"wp:attachment":[{"href":"https:\/\/www.fastbolt.com\/portugal\/wp-json\/wp\/v2\/media?parent=499"}],"curies":[{"name":"wp","href":"https:\/\/api.w.org\/{rel}","templated":true}]}}