{"id":4748,"date":"2021-02-12T14:07:29","date_gmt":"2021-02-12T13:07:29","guid":{"rendered":"https:\/\/www.fastbolt.com\/deutschland\/?page_id=4748"},"modified":"2021-02-12T15:16:28","modified_gmt":"2021-02-12T14:16:28","slug":"gruppe","status":"publish","type":"page","link":"https:\/\/www.fastbolt.com\/deutschland\/gruppe\/","title":{"rendered":"Gruppe"},"content":{"rendered":"<div class=\"wpb-content-wrapper\"><p>[vc_section full_width=&#8221;stretch_row&#8221; full_height=&#8221;yes&#8221; content_placement=&#8221;middle&#8221; el_id=&#8221;video&#8221; css=&#8221;.vc_custom_1613126622293{background-image: url(https:\/\/www.fastbolt.com\/wp-content\/uploads\/2018\/08\/Test-Schrauben1-1.jpg?id=1030) !important;}&#8221; el_class=&#8221;text-white&#8221;][vc_row css=&#8221;.vc_custom_1556781829380{padding-top: 60px !important;}&#8221;][vc_column][vc_column_text]<\/p>\n<h1>FASTENERS FOR DISTRIBUTORS<\/h1>\n<p>[\/vc_column_text][mhwp_slider][mhwp_slider_item type=&#8221;video&#8221; video_mp4=&#8221;https:\/\/www.fastbolt.com\/deutschland\/wp-content\/uploads\/sites\/5\/2020\/08\/FastBolt_Imagevideo_AME_Final_De_WEB.mp4&#8243; autoplay=&#8221;true&#8221;][\/mhwp_slider_item][\/mhwp_slider][\/vc_column][\/vc_row][\/vc_section][vc_section full_width=&#8221;stretch_row&#8221; full_height=&#8221;yes&#8221; content_placement=&#8221;middle&#8221; el_id=&#8221;Deutschland&#8221; css=&#8221;.vc_custom_1534494882751{background-image: url(https:\/\/www.fastbolt.com\/wp-content\/uploads\/2018\/08\/Hintergrund-Deutschland.jpg?id=800) !important;}&#8221; el_class=&#8221;text-white&#8221;][vc_row][vc_column width=&#8221;1\/2&#8243;][vc_column_text]<\/p>\n<h3><strong>Fastbolt Deutschland<\/strong><\/h3>\n<h2><strong>Gronau-Epe<\/strong><\/h2>\n<table width=\"100%\">\n<tbody>\n<tr>\n<td width=\"50%\"><strong>Firmierung:<\/strong><\/td>\n<td width=\"50%\">Fastbolt Schraubengro\u00dfhandels GmbH<\/td>\n<\/tr>\n<tr>\n<td width=\"50%\"><strong>Gr\u00fcndung:<\/strong><\/td>\n<td width=\"50%\">1992<\/td>\n<\/tr>\n<tr>\n<td width=\"50%\"><strong>Adresse:<\/strong><\/td>\n<td width=\"50%\">Am K\u00f6nigsweg 4<br \/>\n48599 Gronau-Epe<br \/>\nDeutschland<br \/>\n+49-(0)2565-9325-0<br \/>\n<a href=\"mai&#108;&#116;&#111;&#x3a;&#x69;&#x6e;&#x66;&#x6f;&#x40;fas&#116;&#98;&#111;&#108;&#x74;&#x2e;&#x63;&#x6f;&#x6d;\">info&#64;&#102;&#97;&#115;&#116;&#x62;&#x6f;&#x6c;&#x74;&#x2e;&#x63;&#x6f;m<\/a><\/td>\n<\/tr>\n<tr>\n<td width=\"50%\"><strong>Lagerkapazit\u00e4t:<\/strong><\/td>\n<td width=\"50%\">ca. 19.000 Palettenpl\u00e4tze<\/td>\n<\/tr>\n<tr>\n<td width=\"50%\"><strong>Lagersortiment:<\/strong><\/td>\n<td width=\"50%\"><a href=\"\/deutschland\/produkte\/\"><img loading=\"lazy\" decoding=\"async\" class=\"alignnone\" src=\"https:\/\/www.fastbolt.com\/wp-content\/uploads\/2018\/09\/Miniaturansicht-Stockrange.jpg\" alt=\"Miniaturansicht Stockrange\" width=\"109\" height=\"52\" \/><\/a><\/td>\n<\/tr>\n<tr>\n<td width=\"50%\"><strong>Vertriebsm\u00e4rkte:<\/strong><\/td>\n<td width=\"50%\">Europa (bis auf GB, Irland, Portugal und Spanien)<\/td>\n<\/tr>\n<tr>\n<td width=\"50%\"><strong>Zentralfunktionen:<\/strong><\/td>\n<td width=\"50%\">Hauptverwaltungssitz der Fastbolt Gruppe<br \/>\nZentraleinkauf<br \/>\nMarketing<br \/>\nSoftwareentwicklung<br \/>\nControlling<\/td>\n<\/tr>\n<tr>\n<td width=\"50%\"><strong>Mitarbeiter:<\/strong><\/td>\n<td width=\"50%\">65<\/td>\n<\/tr>\n<tr>\n<td width=\"50%\"><strong>Ausbildungsberufe:<\/strong><\/td>\n<td width=\"50%\">Kaufmann \/ -frau im Gro\u00df- und Au\u00dfenhandel<br \/>\nFachinformatiker \/ -in f\u00fcr Anwendungsentwicklung<br \/>\nFachkraft f\u00fcr Lagerlogistik<\/td>\n<\/tr>\n<tr>\n<td width=\"50%\"><\/td>\n<td width=\"50%\"><\/td>\n<\/tr>\n<\/tbody>\n<\/table>\n<p>[\/vc_column_text][\/vc_column][vc_column width=&#8221;1\/3&#8243;][mhwp_teaser img=&#8221;558&#8243; link=&#8221;url:http%3A%2F%2Fwww.fastbolt.com%2Fdeutschland%2F||target:%20_blank|&#8221;][\/mhwp_teaser][\/vc_column][vc_column width=&#8221;1\/2&#8243;][mhwp_carousel slides=&#8221;1&#8243; slides_tablet_landscape=&#8221;1&#8243; slides_tablet=&#8221;1&#8243; arrows=&#8221;true&#8221; dots=&#8221;true&#8221; autoplay=&#8221;true&#8221;][mhwp_carousel_img img=&#8221;822&#8243; css_animation=&#8221;none&#8221;][\/mhwp_carousel_img][mhwp_carousel_img img=&#8221;825&#8243; css_animation=&#8221;none&#8221;][\/mhwp_carousel_img][mhwp_carousel_img img=&#8221;826&#8243; css_animation=&#8221;none&#8221;][\/mhwp_carousel_img][\/mhwp_carousel][vc_empty_space height=&#8221;20px&#8221;][vc_column_text]<\/p>\n<h2><strong>Website: <a href=\"https:\/\/www.fastbolt.com\/deutschland\/\">www.fastbolt.de<\/a><\/strong><\/h2>\n<p>[\/vc_column_text][\/vc_column][\/vc_row][vc_row css=&#8221;.vc_custom_1539326038693{padding-top: 5px !important;}&#8221;][vc_column css=&#8221;.vc_custom_1539326068700{padding-top: 5px !important;}&#8221;][mhwp_headline text=&#8221;01 Europa&#8221;][\/vc_column][\/vc_row][\/vc_section][vc_section full_width=&#8221;stretch_row&#8221; full_height=&#8221;yes&#8221; content_placement=&#8221;middle&#8221; el_id=&#8221;England&#8221; css=&#8221;.vc_custom_1534494930150{}&#8221;][vc_row][vc_column width=&#8221;1\/2&#8243;][vc_column_text]<\/p>\n<h3><strong>Fastbolt England<\/strong><\/h3>\n<h2><strong>Milton Keynes<\/strong><\/h2>\n<table width=\"100%\">\n<tbody>\n<tr>\n<td width=\"50%\"><strong>Firmierung:<\/strong><\/td>\n<td width=\"50%\">Fastbolt Distributors (UK) Ltd.<\/td>\n<\/tr>\n<tr>\n<td width=\"50%\"><strong>Gr\u00fcndung:<\/strong><\/td>\n<td width=\"50%\">1982<\/td>\n<\/tr>\n<tr>\n<td width=\"50%\"><strong>Adresse:<\/strong><\/td>\n<td width=\"50%\">Sherbourne Drive<br \/>\nTilbrook<br \/>\nMilton Keynes MK7 8AW<br \/>\nEngland<br \/>\n+44-(0)1908-6501-00<br \/>\n<a href=\"&#x6d;&#x61;&#x69;&#x6c;&#116;&#111;&#58;in&#x66;&#x6f;&#x40;&#x66;&#x61;&#115;&#116;&#98;ol&#x74;&#x2e;&#x63;&#x6f;&#x2e;&#117;&#107;\">&#x69;&#x6e;&#x66;&#x6f;&#x40;&#x66;&#x61;&#x73;&#116;&#98;&#111;&#108;&#116;&#46;&#99;o&#46;uk<\/a><\/td>\n<\/tr>\n<tr>\n<td width=\"50%\"><strong>Lagerkapazit\u00e4t:<\/strong><\/td>\n<td width=\"50%\">ca. 6.000 Palettenpl\u00e4tze<\/td>\n<\/tr>\n<tr>\n<td width=\"50%\"><strong>Lagersortiment:<\/strong><\/td>\n<td width=\"50%\"><a href=\"https:\/\/www.fastbolt.com\/england\/products\/\"><img loading=\"lazy\" decoding=\"async\" class=\"alignnone\" src=\"https:\/\/www.fastbolt.com\/wp-content\/uploads\/2018\/09\/Miniaturansicht-Stockrange.jpg\" alt=\"\" width=\"109\" height=\"52\" \/><\/a><\/td>\n<\/tr>\n<tr>\n<td width=\"50%\"><strong>Vertriebsm\u00e4rkte:<\/strong><\/td>\n<td width=\"50%\">GB &amp; Irland<\/td>\n<\/tr>\n<tr>\n<td width=\"50%\"><strong>Mitarbeiter:<\/strong><\/td>\n<td width=\"50%\">25<\/td>\n<\/tr>\n<tr>\n<td width=\"50%\"><\/td>\n<td width=\"50%\"><\/td>\n<\/tr>\n<tr>\n<td width=\"50%\"><\/td>\n<td width=\"50%\"><\/td>\n<\/tr>\n<\/tbody>\n<\/table>\n<p>[\/vc_column_text][\/vc_column][vc_column width=&#8221;1\/3&#8243;][mhwp_teaser img=&#8221;559&#8243; link=&#8221;url:http%3A%2F%2Fwww.fastbolt.com%2Fengland%2F||target:%20_blank|&#8221;][\/mhwp_teaser][\/vc_column][vc_column width=&#8221;1\/2&#8243;][mhwp_carousel carousel_id=&#8221;carousel-2&#8243; slides=&#8221;1&#8243; slides_tablet_landscape=&#8221;1&#8243; slides_tablet=&#8221;1&#8243; arrows=&#8221;true&#8221; dots=&#8221;true&#8221; autoplay=&#8221;true&#8221;][mhwp_carousel_img img=&#8221;836&#8243;][\/mhwp_carousel_img][mhwp_carousel_img img=&#8221;828&#8243;][\/mhwp_carousel_img][mhwp_carousel_img img=&#8221;3438&#8243;][\/mhwp_carousel_img][\/mhwp_carousel][vc_empty_space height=&#8221;20px&#8221;][vc_column_text]<\/p>\n<h2><strong>Website: <a href=\"https:\/\/www.fastbolt.com\/england\/\">www.fastbolt.co.uk<\/a><\/strong><\/h2>\n<p>[\/vc_column_text][\/vc_column][\/vc_row][vc_row][vc_column][mhwp_headline text=&#8221;02 GB &amp; Irland&#8221;][\/vc_column][\/vc_row][\/vc_section][vc_section full_width=&#8221;stretch_row&#8221; full_height=&#8221;yes&#8221; content_placement=&#8221;middle&#8221; el_id=&#8221;Portugal&#8221; css=&#8221;.vc_custom_1534495171350{background-image: url(https:\/\/www.fastbolt.com\/wp-content\/uploads\/2018\/08\/Hintergrundbild-Portugal.jpg?id=816) !important;}&#8221; el_class=&#8221;text-white&#8221;][vc_row][vc_column width=&#8221;1\/2&#8243;][vc_column_text]<\/p>\n<h3><strong>FB Ib\u00e9rica (Portugal)<\/strong><\/h3>\n<h2><strong>Albergaria-a-Velha<\/strong><\/h2>\n<table width=\"100%\">\n<tbody>\n<tr>\n<td width=\"50%\"><strong>Firmierung:<\/strong><\/td>\n<td width=\"50%\">FB Ib\u00e9rica Unipessoal Lda.<\/td>\n<\/tr>\n<tr>\n<td width=\"50%\"><strong>Gr\u00fcndung:<\/strong><\/td>\n<td width=\"50%\">2013<\/td>\n<\/tr>\n<tr>\n<td width=\"50%\"><strong>Adresse:<\/strong><\/td>\n<td width=\"50%\">Apartado 122<br \/>\n3850-909 Albergaria-a-Velha<br \/>\nPortugal<strong><br \/>\n<\/strong>+351-234-527-547<br \/>\n<a href=\"m&#97;&#105;&#x6c;&#x74;&#x6f;:&#105;&#110;&#x66;&#x6f;&#x40;fb&#45;&#x69;&#x62;&#x65;ri&#99;&#97;&#x2e;&#x63;&#x6f;m\">&#x69;&#110;&#102;o&#x40;&#x66;&#98;-&#x69;&#x62;&#101;ri&#x63;&#97;&#46;c&#x6f;&#x6d;<\/a><\/td>\n<\/tr>\n<tr>\n<td width=\"50%\"><strong>Lagerkapazit\u00e4t:<\/strong><\/td>\n<td width=\"50%\">ca. 3.000 Palettenpl\u00e4tze<\/td>\n<\/tr>\n<tr>\n<td width=\"50%\"><strong>Lagersortiment:<\/strong><\/td>\n<td width=\"50%\"><a href=\"\/portugal\/produtos\/\"><img loading=\"lazy\" decoding=\"async\" class=\"alignnone\" src=\"https:\/\/www.fastbolt.com\/wp-content\/uploads\/2018\/09\/Miniaturansicht-Stockrange.jpg\" alt=\"\" width=\"109\" height=\"52\" \/><\/a><\/td>\n<\/tr>\n<tr>\n<td width=\"50%\"><strong>Vertriebsm\u00e4rkte:<\/strong><\/td>\n<td width=\"50%\">Portugal &amp; Spanien<\/td>\n<\/tr>\n<tr>\n<td width=\"50%\"><strong>Mitarbeiter:<\/strong><\/td>\n<td width=\"50%\">15<\/td>\n<\/tr>\n<tr>\n<td width=\"50%\"><\/td>\n<td width=\"50%\"><\/td>\n<\/tr>\n<\/tbody>\n<\/table>\n<p>[\/vc_column_text][\/vc_column][vc_column width=&#8221;1\/3&#8243;][mhwp_teaser img=&#8221;557&#8243; link=&#8221;url:http%3A%2F%2Fwww.fastbolt.com%2Fportugal%2F||target:%20_blank|&#8221;][\/mhwp_teaser][\/vc_column][vc_column width=&#8221;1\/2&#8243;][mhwp_carousel carousel_id=&#8221;carousel-3&#8243; slides=&#8221;1&#8243; slides_tablet_landscape=&#8221;1&#8243; slides_tablet=&#8221;1&#8243; arrows=&#8221;true&#8221; dots=&#8221;true&#8221; autoplay=&#8221;true&#8221;][mhwp_carousel_img img=&#8221;835&#8243;][\/mhwp_carousel_img][mhwp_carousel_img img=&#8221;829&#8243;][\/mhwp_carousel_img][mhwp_carousel_img img=&#8221;830&#8243;][\/mhwp_carousel_img][\/mhwp_carousel][vc_empty_space height=&#8221;20px&#8221;][vc_column_text]<\/p>\n<h2><strong>Website: <a href=\"https:\/\/www.fastbolt.com\/portugal\/\">www.fb-iberica.com<\/a><\/strong><\/h2>\n<p>[\/vc_column_text][\/vc_column][\/vc_row][vc_row][vc_column][mhwp_headline text=&#8221;03 Portugal &amp; Spanien&#8221;][\/vc_column][\/vc_row][\/vc_section][vc_section full_width=&#8221;stretch_row&#8221; full_height=&#8221;yes&#8221; content_placement=&#8221;middle&#8221; el_id=&#8221;China&#8221; css=&#8221;.vc_custom_1534495198137{}&#8221;][vc_row][vc_column width=&#8221;1\/2&#8243;][vc_column_text]<\/p>\n<h3><strong>Fastbolt China<\/strong><\/h3>\n<h2><strong>Shanghai<\/strong><\/h2>\n<table width=\"100%\">\n<tbody>\n<tr>\n<td width=\"50%\"><strong>Firmierung:<\/strong><\/td>\n<td width=\"50%\">Fastbolt Trading (Shanghai) Co., Ltd.<\/td>\n<\/tr>\n<tr>\n<td width=\"50%\"><strong>Gr\u00fcndung:<\/strong><\/td>\n<td width=\"50%\">2005<\/td>\n<\/tr>\n<tr>\n<td width=\"50%\"><strong>Adresse:<\/strong><\/td>\n<td width=\"50%\">Room 709, Suncome Liauw&#8217;s Plaza<br \/>\n738 Shangcheng Road<br \/>\nShanghai 200120<br \/>\nPR.CHINA<br \/>\n+86-(0)21-5836 2280<strong><br \/>\n<\/strong><a href=\"&#x6d;&#x61;&#x69;&#x6c;&#x74;&#x6f;&#x3a;&#x63;&#x68;&#x69;&#x6e;&#x61;&#x40;&#x66;&#x61;&#x73;&#x74;&#x62;&#x6f;&#x6c;&#x74;&#x2e;&#x63;&#x6f;&#x6d;\">china&#64;&#102;&#97;&#115;&#116;&#98;&#111;&#108;&#x74;&#x2e;&#x63;&#x6f;&#x6d;<\/a><\/td>\n<\/tr>\n<tr>\n<td width=\"50%\"><strong>Gesch\u00e4ftsfelder:<\/strong><\/td>\n<td width=\"50%\">Einkaufsunterst\u00fctzung Asien f\u00fcr Zentraleinkauf Fastbolt Europa<\/p>\n<p>Direktvertrieb an H\u00e4ndler in Europa<br \/>\n&#8211; Lagersortiment Fastbolt Europa<br \/>\n&#8211; Sonder- und Zeichnungsteile<\/p>\n<p>Vertrieb von Me\u00df- und Pr\u00fcfmitteln GREENSLADE in VR China<\/td>\n<\/tr>\n<tr>\n<td width=\"50%\"><strong>Vertriebsm\u00e4rkte:<\/strong><\/td>\n<td width=\"50%\">Europa &amp; VR China<\/td>\n<\/tr>\n<tr>\n<td width=\"50%\"><strong>Mitarbeiter:<\/strong><\/td>\n<td width=\"50%\">12<\/td>\n<\/tr>\n<tr>\n<td width=\"50%\"><\/td>\n<td width=\"50%\"><\/td>\n<\/tr>\n<\/tbody>\n<\/table>\n<p>[\/vc_column_text][\/vc_column][vc_column width=&#8221;1\/3&#8243;][mhwp_teaser img=&#8221;556&#8243; link=&#8221;url:http%3A%2F%2Fwww.fastbolt.com%2Fchina%2F||target:%20_blank|&#8221;][\/mhwp_teaser][\/vc_column][vc_column width=&#8221;1\/2&#8243;][mhwp_carousel carousel_id=&#8221;carousel-4&#8243; slides=&#8221;1&#8243; slides_tablet_landscape=&#8221;1&#8243; slides_tablet=&#8221;1&#8243; arrows=&#8221;true&#8221; dots=&#8221;true&#8221; autoplay=&#8221;true&#8221;][mhwp_carousel_img img=&#8221;839&#8243;][\/mhwp_carousel_img][mhwp_carousel_img img=&#8221;823&#8243;][\/mhwp_carousel_img][mhwp_carousel_img img=&#8221;824&#8243;][\/mhwp_carousel_img][\/mhwp_carousel][vc_empty_space height=&#8221;20px&#8221;][vc_column_text]<\/p>\n<h2><strong>Website: <a href=\"https:\/\/www.fastbolt.com\/china\/\">www.fastbolt.cn<\/a><\/strong><\/h2>\n<p>[\/vc_column_text][\/vc_column][\/vc_row][vc_row][vc_column][mhwp_headline text=&#8221;04 Asien&#8221;][\/vc_column][\/vc_row][\/vc_section][vc_section full_width=&#8221;stretch_row&#8221; full_height=&#8221;yes&#8221; content_placement=&#8221;middle&#8221; el_id=&#8221;FQC&#8221; css=&#8221;.vc_custom_1534770877628{background-image: url(https:\/\/www.fastbolt.com\/wp-content\/uploads\/2018\/08\/Formatvorlage-Hintergrundbild-Wordpress-1.jpg?id=893) !important;}&#8221; el_class=&#8221;text-white&#8221;][vc_row][vc_column width=&#8221;1\/2&#8243;][vc_column_text]<\/p>\n<h3><strong>FQC<\/strong><\/h3>\n<h2><strong>Shanghai<\/strong><\/h2>\n<table width=\"100%\">\n<tbody>\n<tr>\n<td width=\"50%\"><strong>Firmierung:<\/strong><\/td>\n<td width=\"50%\">FQC Fastener Quality Center Shanghai<br \/>\nMechanical Technology Consultancy Co. Ltd<\/td>\n<\/tr>\n<tr>\n<td width=\"50%\"><strong>Gr\u00fcndung:<\/strong><\/td>\n<td width=\"50%\">2007<\/td>\n<\/tr>\n<tr>\n<td width=\"50%\"><strong>Adresse:<\/strong><\/td>\n<td width=\"50%\">West Part, 1st Floor, Building 8. No. 67<br \/>\nLane 1768 LiYue Road<br \/>\nPuJiang Town, MinHang District738 Shangcheng Road<br \/>\nShanghai 200114<br \/>\nP.R. CHINA<br \/>\n+86-(0)21-5190 5281<br \/>\n<a href=\"&#109;&#x61;&#105;&#x6c;&#116;&#x6f;:&#x69;n&#102;&#x6f;&#64;&#x66;&#113;&#x63;-&#x73;h&#97;&#x6e;&#103;&#x68;&#97;&#x69;&#46;&#x63;o&#x6d;\">&#105;&#110;&#x66;o&#64;&#x66;&#x71;c&#45;&#x73;&#x68;a&#110;&#x67;&#x68;a&#105;&#x2e;&#x63;o&#109;<\/a><\/td>\n<\/tr>\n<tr>\n<td width=\"50%\"><strong>Gesch\u00e4ftsfelder:<\/strong><\/td>\n<td width=\"50%\">Vorversandkontrolle Fastbolt Europa<br \/>\nQualit\u00e4tspr\u00fcfung Fastbolt Europa<br \/>\nUnabh\u00e4ngige Drittpr\u00fcfungen<\/td>\n<\/tr>\n<tr>\n<td width=\"50%\"><strong>Vertriebsm\u00e4rkte:<\/strong><\/td>\n<td width=\"50%\">Europa &amp; VR China<\/td>\n<\/tr>\n<tr>\n<td width=\"50%\"><strong>Mitarbeiter:<\/strong><\/td>\n<td width=\"50%\">11<\/td>\n<\/tr>\n<tr>\n<td width=\"50%\"><\/td>\n<td width=\"50%\"><\/td>\n<\/tr>\n<\/tbody>\n<\/table>\n<p>[\/vc_column_text][\/vc_column][vc_column width=&#8221;1\/3&#8243;][mhwp_teaser img=&#8221;565&#8243; link=&#8221;url:http%3A%2F%2Fwww.fqc-shanghai.com%2F||target:%20_blank|&#8221;][\/mhwp_teaser][\/vc_column][vc_column width=&#8221;1\/2&#8243;][mhwp_carousel carousel_id=&#8221;carousel-5&#8243; slides=&#8221;1&#8243; slides_tablet_landscape=&#8221;1&#8243; slides_tablet=&#8221;1&#8243; arrows=&#8221;true&#8221; dots=&#8221;true&#8221; autoplay=&#8221;true&#8221;][mhwp_carousel_img img=&#8221;840&#8243;][\/mhwp_carousel_img][mhwp_carousel_img img=&#8221;841&#8243;][\/mhwp_carousel_img][mhwp_carousel_img img=&#8221;831&#8243;][\/mhwp_carousel_img][mhwp_carousel_img img=&#8221;833&#8243;][\/mhwp_carousel_img][\/mhwp_carousel][vc_empty_space height=&#8221;20px&#8221;][vc_column_text]<\/p>\n<h2><strong>Website: <a href=\"http:\/\/www.fqc-shanghai.com\/\">www.fqc-shanghai.com<\/a><\/strong><\/h2>\n<p>[\/vc_column_text][\/vc_column][\/vc_row][vc_row][vc_column][mhwp_headline text=&#8221;05 Weltweit&#8221;][\/vc_column][\/vc_row][\/vc_section]<\/p>\n<\/div>","protected":false},"excerpt":{"rendered":"<p>[vc_section full_width=&#8221;stretch_row&#8221; full_height=&#8221;yes&#8221; content_placement=&#8221;middle&#8221; el_id=&#8221;video&#8221; css=&#8221;.vc_custom_1613126622293{background-image: url(https:\/\/www.fastbolt.com\/wp-content\/uploads\/2018\/08\/Test-Schrauben1-1.jpg?id=1030) !important;}&#8221; el_class=&#8221;text-white&#8221;][vc_row css=&#8221;.vc_custom_1556781829380{padding-top: 60px !important;}&#8221;][vc_column][vc_column_text] FASTENERS FOR DISTRIBUTORS [\/vc_column_text][mhwp_slider][mhwp_slider_item type=&#8221;video&#8221; video_mp4=&#8221;https:\/\/www.fastbolt.com\/deutschland\/wp-content\/uploads\/sites\/5\/2020\/08\/FastBolt_Imagevideo_AME_Final_De_WEB.mp4&#8243; autoplay=&#8221;true&#8221;][\/mhwp_slider_item][\/mhwp_slider][\/vc_column][\/vc_row][\/vc_section][vc_section full_width=&#8221;stretch_row&#8221; full_height=&#8221;yes&#8221; content_placement=&#8221;middle&#8221; el_id=&#8221;Deutschland&#8221; css=&#8221;.vc_custom_1534494882751{background-image: url(https:\/\/www.fastbolt.com\/wp-content\/uploads\/2018\/08\/Hintergrund-Deutschland.jpg?id=800) !important;}&#8221; el_class=&#8221;text-white&#8221;][vc_row][vc_column width=&#8221;1\/2&#8243;][vc_column_text] Fastbolt Deutschland Gronau-Epe Firmierung: Fastbolt Schraubengro\u00dfhandels GmbH Gr\u00fcndung: 1992 Adresse: Am K\u00f6nigsweg 4 48599 Gronau-Epe Deutschland +49-(0)2565-9325-0 &#105;&#x6e;&#102;&#x6f;&#64;&#102;&#x61;&#115;&#x74;b&#x6f;l&#116;&#x2e;&#99;&#x6f;m Lagerkapazit\u00e4t: ca. 19.000 Palettenpl\u00e4tze Lagersortiment: Vertriebsm\u00e4rkte: Europa (bis auf [&hellip;]<\/p>\n","protected":false},"author":15,"featured_media":0,"parent":0,"menu_order":4,"comment_status":"closed","ping_status":"closed","template":"tpl-no-padding.php","meta":{"_acf_changed":false,"inline_featured_image":false,"footnotes":""},"class_list":["post-4748","page","type-page","status-publish","hentry"],"acf":[],"yoast_head":"<!-- This site is optimized with the Yoast SEO plugin v27.3 - https:\/\/yoast.com\/product\/yoast-seo-wordpress\/ -->\n<title>Gruppe - Fastbolt Deutschland<\/title>\n<meta name=\"description\" content=\"Fastbolt Unternehmensgruppe, Handelsniederlassungen in Deutschland, England, Portugal und China, Qualit\u00e4tsmanagement-Labor in Shanghai\" \/>\n<meta name=\"robots\" content=\"index, follow, max-snippet:-1, max-image-preview:large, max-video-preview:-1\" \/>\n<link rel=\"canonical\" href=\"https:\/\/www.fastbolt.com\/deutschland\/gruppe\/\" \/>\n<meta property=\"og:locale\" content=\"de_DE\" \/>\n<meta property=\"og:type\" content=\"article\" \/>\n<meta property=\"og:title\" content=\"Gruppe - Fastbolt Deutschland\" \/>\n<meta property=\"og:description\" content=\"Fastbolt Unternehmensgruppe, Handelsniederlassungen in Deutschland, England, Portugal und China, Qualit\u00e4tsmanagement-Labor in Shanghai\" \/>\n<meta property=\"og:url\" content=\"https:\/\/www.fastbolt.com\/deutschland\/gruppe\/\" \/>\n<meta property=\"og:site_name\" content=\"Fastbolt Deutschland\" \/>\n<meta property=\"article:modified_time\" content=\"2021-02-12T14:16:28+00:00\" \/>\n<meta property=\"og:image\" content=\"https:\/\/www.fastbolt.com\/wp-content\/uploads\/2018\/09\/Miniaturansicht-Stockrange.jpg\" \/>\n<meta name=\"twitter:card\" content=\"summary_large_image\" \/>\n<meta name=\"twitter:label1\" content=\"Gesch\u00e4tzte Lesezeit\" \/>\n\t<meta name=\"twitter:data1\" content=\"3\u00a0Minuten\" \/>\n<!-- \/ Yoast SEO plugin. -->","yoast_head_json":{"title":"Gruppe - Fastbolt Deutschland","description":"Fastbolt Unternehmensgruppe, Handelsniederlassungen in Deutschland, England, Portugal und China, Qualit\u00e4tsmanagement-Labor in Shanghai","robots":{"index":"index","follow":"follow","max-snippet":"max-snippet:-1","max-image-preview":"max-image-preview:large","max-video-preview":"max-video-preview:-1"},"canonical":"https:\/\/www.fastbolt.com\/deutschland\/gruppe\/","og_locale":"de_DE","og_type":"article","og_title":"Gruppe - Fastbolt Deutschland","og_description":"Fastbolt Unternehmensgruppe, Handelsniederlassungen in Deutschland, England, Portugal und China, Qualit\u00e4tsmanagement-Labor in Shanghai","og_url":"https:\/\/www.fastbolt.com\/deutschland\/gruppe\/","og_site_name":"Fastbolt Deutschland","article_modified_time":"2021-02-12T14:16:28+00:00","og_image":[{"url":"https:\/\/www.fastbolt.com\/wp-content\/uploads\/2018\/09\/Miniaturansicht-Stockrange.jpg","type":"","width":"","height":""}],"twitter_card":"summary_large_image","twitter_misc":{"Gesch\u00e4tzte Lesezeit":"3\u00a0Minuten"},"schema":{"@context":"https:\/\/schema.org","@graph":[{"@type":"WebPage","@id":"https:\/\/www.fastbolt.com\/deutschland\/gruppe\/","url":"https:\/\/www.fastbolt.com\/deutschland\/gruppe\/","name":"Gruppe - Fastbolt Deutschland","isPartOf":{"@id":"https:\/\/www.fastbolt.com\/deutschland\/#website"},"primaryImageOfPage":{"@id":"https:\/\/www.fastbolt.com\/deutschland\/gruppe\/#primaryimage"},"image":{"@id":"https:\/\/www.fastbolt.com\/deutschland\/gruppe\/#primaryimage"},"thumbnailUrl":"https:\/\/www.fastbolt.com\/wp-content\/uploads\/2018\/09\/Miniaturansicht-Stockrange.jpg","datePublished":"2021-02-12T13:07:29+00:00","dateModified":"2021-02-12T14:16:28+00:00","description":"Fastbolt Unternehmensgruppe, Handelsniederlassungen in Deutschland, England, Portugal und China, Qualit\u00e4tsmanagement-Labor in Shanghai","breadcrumb":{"@id":"https:\/\/www.fastbolt.com\/deutschland\/gruppe\/#breadcrumb"},"inLanguage":"de","potentialAction":[{"@type":"ReadAction","target":["https:\/\/www.fastbolt.com\/deutschland\/gruppe\/"]}]},{"@type":"ImageObject","inLanguage":"de","@id":"https:\/\/www.fastbolt.com\/deutschland\/gruppe\/#primaryimage","url":"https:\/\/www.fastbolt.com\/wp-content\/uploads\/2018\/09\/Miniaturansicht-Stockrange.jpg","contentUrl":"https:\/\/www.fastbolt.com\/wp-content\/uploads\/2018\/09\/Miniaturansicht-Stockrange.jpg"},{"@type":"BreadcrumbList","@id":"https:\/\/www.fastbolt.com\/deutschland\/gruppe\/#breadcrumb","itemListElement":[{"@type":"ListItem","position":1,"name":"Startseite","item":"https:\/\/www.fastbolt.com\/deutschland\/"},{"@type":"ListItem","position":2,"name":"Gruppe"}]},{"@type":"WebSite","@id":"https:\/\/www.fastbolt.com\/deutschland\/#website","url":"https:\/\/www.fastbolt.com\/deutschland\/","name":"Fastbolt Deutschland","description":"Eine weitere Fastbolt Websites Website","potentialAction":[{"@type":"SearchAction","target":{"@type":"EntryPoint","urlTemplate":"https:\/\/www.fastbolt.com\/deutschland\/?s={search_term_string}"},"query-input":{"@type":"PropertyValueSpecification","valueRequired":true,"valueName":"search_term_string"}}],"inLanguage":"de"}]}},"_links":{"self":[{"href":"https:\/\/www.fastbolt.com\/deutschland\/wp-json\/wp\/v2\/pages\/4748","targetHints":{"allow":["GET"]}}],"collection":[{"href":"https:\/\/www.fastbolt.com\/deutschland\/wp-json\/wp\/v2\/pages"}],"about":[{"href":"https:\/\/www.fastbolt.com\/deutschland\/wp-json\/wp\/v2\/types\/page"}],"author":[{"embeddable":true,"href":"https:\/\/www.fastbolt.com\/deutschland\/wp-json\/wp\/v2\/users\/15"}],"replies":[{"embeddable":true,"href":"https:\/\/www.fastbolt.com\/deutschland\/wp-json\/wp\/v2\/comments?post=4748"}],"version-history":[{"count":67,"href":"https:\/\/www.fastbolt.com\/deutschland\/wp-json\/wp\/v2\/pages\/4748\/revisions"}],"predecessor-version":[{"id":4825,"href":"https:\/\/www.fastbolt.com\/deutschland\/wp-json\/wp\/v2\/pages\/4748\/revisions\/4825"}],"wp:attachment":[{"href":"https:\/\/www.fastbolt.com\/deutschland\/wp-json\/wp\/v2\/media?parent=4748"}],"curies":[{"name":"wp","href":"https:\/\/api.w.org\/{rel}","templated":true}]}}