{"id":29,"date":"2018-08-22T14:54:08","date_gmt":"2018-08-22T12:54:08","guid":{"rendered":"https:\/\/www.fastbolt.com\/deutschland\/?page_id=29"},"modified":"2025-01-06T08:21:09","modified_gmt":"2025-01-06T07:21:09","slug":"kontakt","status":"publish","type":"page","link":"https:\/\/www.fastbolt.com\/deutschland\/kontakt\/","title":{"rendered":"Kontakt"},"content":{"rendered":"<div class=\"wpb-content-wrapper\"><p>[vc_section][vc_row][vc_column width=&#8221;1\/3&#8243;][vc_column_text]<\/p>\n<h2>Kontakt<\/h2>\n<p>[\/vc_column_text][mhwp_teaser img=&#8221;62631&#8243;][\/mhwp_teaser][vc_column_text]F\u00fcr eine Kontaktaufnahme k\u00f6nnen Sie dieses Formular verwenden. Damit wir Ihre Nachricht so schnell wie m\u00f6glich bearbeiten k\u00f6nnen, beschreiben Sie Ihr Anliegen bitte so genau wie m\u00f6glich.[\/vc_column_text][\/vc_column][vc_column width=&#8221;2\/3&#8243;]\n<div class=\"wpcf7 no-js\" id=\"wpcf7-f2143-o1\" lang=\"de-DE\" dir=\"ltr\" data-wpcf7-id=\"2143\">\n<div class=\"screen-reader-response\"><p role=\"status\" aria-live=\"polite\" aria-atomic=\"true\"><\/p> <ul><\/ul><\/div>\n<form action=\"\/deutschland\/wp-json\/wp\/v2\/pages\/29#wpcf7-f2143-o1\" method=\"post\" class=\"wpcf7-form init\" aria-label=\"Kontaktformular\" novalidate=\"novalidate\" data-status=\"init\">\n<fieldset class=\"hidden-fields-container\"><input type=\"hidden\" name=\"_wpcf7\" value=\"2143\" \/><input type=\"hidden\" name=\"_wpcf7_version\" value=\"6.1.5\" \/><input type=\"hidden\" name=\"_wpcf7_locale\" value=\"de_DE\" \/><input type=\"hidden\" name=\"_wpcf7_unit_tag\" value=\"wpcf7-f2143-o1\" \/><input type=\"hidden\" name=\"_wpcf7_container_post\" value=\"0\" \/><input type=\"hidden\" name=\"_wpcf7_posted_data_hash\" value=\"\" \/>\n<\/fieldset>\n<h3>Betreff\n<\/h3>\n<p><span class=\"wpcf7-form-control-wrap\" data-name=\"Betreff\"><input size=\"40\" maxlength=\"400\" class=\"wpcf7-form-control wpcf7-text wpcf7-validates-as-required form-control\" aria-required=\"true\" aria-invalid=\"false\" placeholder=\"Betreff\" value=\"\" type=\"text\" name=\"Betreff\" \/><\/span>\n<\/p>\n<h3>Ihre Nachricht\n<\/h3>\n<div class=\"row\">\n\t<div class=\"col-md-12\">\n\t\t<p><span class=\"wpcf7-form-control-wrap\" data-name=\"Nachricht\"><textarea cols=\"40\" rows=\"10\" maxlength=\"2000\" class=\"wpcf7-form-control wpcf7-textarea form-control\" aria-invalid=\"false\" placeholder=\"Nachricht\" name=\"Nachricht\"><\/textarea><\/span>\n\t\t<\/p>\n\t<\/div>\n<\/div>\n<h3>Ihre Daten\n<\/h3>\n<div class=\"row\">\n\t<div class=\"col-md-12\">\n\t\t<p><label for=\"Anrede\">Anrede<\/label><br \/>\n<span class=\"wpcf7-form-control-wrap\" data-name=\"Anrede\"><select class=\"wpcf7-form-control wpcf7-select form-control\" aria-invalid=\"false\" name=\"Anrede\"><option value=\"\">--- Anrede ---<\/option><option value=\"Frau\">Frau<\/option><option value=\"Herr\">Herr<\/option><option value=\"Divers\">Divers<\/option><option value=\"Keine Angabe\">Keine Angabe<\/option><\/select><\/span>\n\t\t<\/p>\n\t<\/div>\n<\/div>\n<div class=\"row\">\n\t<div class=\"col-md-6\">\n\t\t<p><label for=\"Name\">Name <span style=\"color:red\">*<\/span><\/label><br \/>\n<span class=\"wpcf7-form-control-wrap\" data-name=\"Name\"><input size=\"40\" maxlength=\"400\" class=\"wpcf7-form-control wpcf7-text wpcf7-validates-as-required form-control\" aria-required=\"true\" aria-invalid=\"false\" placeholder=\"Name*\" value=\"\" type=\"text\" name=\"Name\" \/><\/span>\n\t\t<\/p>\n\t<\/div>\n\t<div class=\"col-md-6\">\n\t\t<p><label for=\"Vorname\">Vorname <span style=\"color:red\">*<\/span><\/label><br \/>\n<span class=\"wpcf7-form-control-wrap\" data-name=\"Vorname\"><input size=\"40\" maxlength=\"400\" class=\"wpcf7-form-control wpcf7-text wpcf7-validates-as-required form-control\" aria-required=\"true\" aria-invalid=\"false\" placeholder=\"Vorname*\" value=\"\" type=\"text\" name=\"Vorname\" \/><\/span>\n\t\t<\/p>\n\t<\/div>\n<\/div>\n<div class=\"row\">\n\t<div class=\"col-md-12\">\n\t\t<p><label for=\"Firma\">Firma<\/label><br \/>\n<span class=\"wpcf7-form-control-wrap\" data-name=\"Firma\"><input size=\"40\" maxlength=\"400\" class=\"wpcf7-form-control wpcf7-text form-control\" aria-invalid=\"false\" placeholder=\"Firma\" value=\"\" type=\"text\" name=\"Firma\" \/><\/span>\n\t\t<\/p>\n\t<\/div>\n<\/div>\n<div class=\"row\">\n\t<div class=\"col-md-4\">\n\t\t<p><label for=\"Strasse\">Strasse<\/label><br \/>\n<span class=\"wpcf7-form-control-wrap\" data-name=\"Strasse\"><input size=\"40\" maxlength=\"400\" class=\"wpcf7-form-control wpcf7-text form-control\" aria-invalid=\"false\" placeholder=\"Strasse\" value=\"\" type=\"text\" name=\"Strasse\" \/><\/span>\n\t\t<\/p>\n\t<\/div>\n\t<div class=\"col-md-4\">\n\t\t<p><label for=\"PLZ\">PLZ<\/label><br \/>\n<span class=\"wpcf7-form-control-wrap\" data-name=\"PLZ\"><input size=\"40\" maxlength=\"400\" class=\"wpcf7-form-control wpcf7-text form-control\" aria-invalid=\"false\" placeholder=\"PLZ\" value=\"\" type=\"text\" name=\"PLZ\" \/><\/span>\n\t\t<\/p>\n\t<\/div>\n\t<div class=\"col-md-4\">\n\t\t<p><label for=\"Stadt\">Stadt<\/label><br \/>\n<span class=\"wpcf7-form-control-wrap\" data-name=\"Stadt\"><input size=\"40\" maxlength=\"400\" class=\"wpcf7-form-control wpcf7-text form-control\" aria-invalid=\"false\" placeholder=\"Stadt\" value=\"\" type=\"text\" name=\"Stadt\" \/><\/span>\n\t\t<\/p>\n\t<\/div>\n<\/div>\n<div class=\"row\">\n\t<div class=\"col-md-12\">\n\t\t<p><label for=\"Land\">Land<\/label><br \/>\n<span class=\"wpcf7-form-control-wrap\" data-name=\"Land\"><input size=\"40\" maxlength=\"400\" class=\"wpcf7-form-control wpcf7-text form-control\" aria-invalid=\"false\" placeholder=\"Land\" value=\"\" type=\"text\" name=\"Land\" \/><\/span>\n\t\t<\/p>\n\t<\/div>\n<\/div>\n<div class=\"row\">\n\t<div class=\"col-md-12\">\n\t\t<p><label for=\"Telefon\">Telefon<\/label><br \/>\n<span class=\"wpcf7-form-control-wrap\" data-name=\"Telefon\"><input size=\"40\" maxlength=\"400\" class=\"wpcf7-form-control wpcf7-text form-control\" aria-invalid=\"false\" placeholder=\"Telefon\" value=\"\" type=\"text\" name=\"Telefon\" \/><\/span>\n\t\t<\/p>\n\t<\/div>\n<\/div>\n<p><span id=\"wpcf7-69f3e8986ffa6-wrapper\" class=\"wpcf7-form-control-wrap website-wrap\" ><input type=\"hidden\" name=\"website-time-start\" value=\"1777592472\"><input type=\"hidden\" name=\"website-time-check\" value=\"4\"><label for=\"wpcf7-69f3e8986ffa6-field\" class=\"hp-message\">Bitte lasse dieses Feld leer.<\/label><input id=\"wpcf7-69f3e8986ffa6-field\"  class=\"wpcf7-form-control wpcf7-text\" type=\"text\" name=\"website\" value=\"\" size=\"40\" tabindex=\"-1\" autocomplete=\"new-password\" \/><\/span><br \/>\n<span id=\"wpcf7-69f3e89870046-wrapper\" class=\"wpcf7-form-control-wrap url-wrap\" ><input type=\"hidden\" name=\"url-time-start\" value=\"1777592472\"><input type=\"hidden\" name=\"url-time-check\" value=\"4\"><label for=\"wpcf7-69f3e89870046-field\" class=\"hp-message\">Bitte lasse dieses Feld leer.<\/label><input id=\"wpcf7-69f3e89870046-field\"  class=\"wpcf7-form-control wpcf7-text\" type=\"text\" name=\"url\" value=\"\" size=\"40\" tabindex=\"-1\" autocomplete=\"new-password\" \/><\/span><br \/>\n<span id=\"wpcf7-69f3e89870097-wrapper\" class=\"wpcf7-form-control-wrap nachname-wrap\" ><input type=\"hidden\" name=\"nachname-time-start\" value=\"1777592472\"><input type=\"hidden\" name=\"nachname-time-check\" value=\"4\"><label for=\"wpcf7-69f3e89870097-field\" class=\"hp-message\">Bitte lasse dieses Feld leer.<\/label><input id=\"wpcf7-69f3e89870097-field\"  class=\"wpcf7-form-control wpcf7-text\" type=\"text\" name=\"nachname\" value=\"\" size=\"40\" tabindex=\"-1\" autocomplete=\"new-password\" \/><\/span><br \/>\n<span id=\"wpcf7-69f3e898700da-wrapper\" class=\"wpcf7-form-control-wrap mobil-wrap\" ><input type=\"hidden\" name=\"mobil-time-start\" value=\"1777592472\"><input type=\"hidden\" name=\"mobil-time-check\" value=\"4\"><label for=\"wpcf7-69f3e898700da-field\" class=\"hp-message\">Bitte lasse dieses Feld leer.<\/label><input id=\"wpcf7-69f3e898700da-field\"  class=\"wpcf7-form-control wpcf7-text\" type=\"text\" name=\"mobil\" value=\"\" size=\"40\" tabindex=\"-1\" autocomplete=\"new-password\" \/><\/span>\n<\/p>\n<div class=\"row\">\n\t<div class=\"col-md-12\">\n\t\t<p><label for=\"E-Mail\">E-Mail <span style=\"color:red\">*<\/span><\/label><br \/>\n<span class=\"wpcf7-form-control-wrap\" data-name=\"E-Mail\"><input size=\"40\" maxlength=\"400\" class=\"wpcf7-form-control wpcf7-email wpcf7-validates-as-required wpcf7-text wpcf7-validates-as-email form-control\" aria-required=\"true\" aria-invalid=\"false\" placeholder=\"E-Mail*\" value=\"\" type=\"email\" name=\"E-Mail\" \/><\/span>\n\t\t<\/p>\n\t<\/div>\n<\/div>\n<div class=\"row\">\n\t<div class=\"col-md-12\">\n\t\t<p><span class=\"wpcf7-form-control-wrap\" data-name=\"datenschutz\"><span class=\"wpcf7-form-control wpcf7-acceptance\"><span class=\"wpcf7-list-item\"><input type=\"checkbox\" name=\"datenschutz\" value=\"1\" id=\"datenschutz\" aria-invalid=\"false\" \/><\/span><\/span><\/span><label for=\"datenschutz\">Ich habe die <a href=\"\/datenschutz\/\" style=\"text-decoration:underline\">Datenschutzerkl\u00e4rung<\/a> zur Kenntnis genommen und best\u00e4tige dies mit dem Absenden der Nachricht. Ich stimme zu, dass meine Angaben und Daten zur Beantwortung meiner Anfrage elektronisch erhoben und gespeichert werden. Die Einwilligung kann ich jederzeit f\u00fcr die Zukunft widerrufen.<\/label>\n\t\t<\/p>\n\t<\/div>\n<\/div>\n<div class=\"row\">\n\t<div class=\"col-md-12\">\n\t\t<p><input class=\"wpcf7-form-control wpcf7-submit has-spinner btn btn-primary\" type=\"submit\" value=\"SENDEN\" \/>\n\t\t<\/p>\n\t<\/div>\n<\/div><input type='hidden' class='wpcf7-pum' value='{\"closepopup\":false,\"closedelay\":0,\"openpopup\":false,\"openpopup_id\":0}' \/><div class=\"wpcf7-response-output\" aria-hidden=\"true\"><\/div>\n<\/form>\n<\/div>\n[\/vc_column][\/vc_row][\/vc_section][vc_row][vc_column][vc_empty_space height=&#8221;50px&#8221;][\/vc_column][\/vc_row]<\/p>\n<\/div>","protected":false},"excerpt":{"rendered":"<p>[vc_section][vc_row][vc_column width=&#8221;1\/3&#8243;][vc_column_text] Kontakt [\/vc_column_text][mhwp_teaser img=&#8221;62631&#8243;][\/mhwp_teaser][vc_column_text]F\u00fcr eine Kontaktaufnahme k\u00f6nnen Sie dieses Formular verwenden. Damit wir Ihre Nachricht so schnell wie m\u00f6glich bearbeiten k\u00f6nnen, beschreiben Sie Ihr Anliegen bitte so genau wie m\u00f6glich.[\/vc_column_text][\/vc_column][vc_column width=&#8221;2\/3&#8243;][\/vc_column][\/vc_row][\/vc_section][vc_row][vc_column][vc_empty_space height=&#8221;50px&#8221;][\/vc_column][\/vc_row]<\/p>\n","protected":false},"author":5,"featured_media":0,"parent":0,"menu_order":8,"comment_status":"closed","ping_status":"closed","template":"tpl-no-padding.php","meta":{"_acf_changed":false,"inline_featured_image":false,"footnotes":""},"class_list":["post-29","page","type-page","status-publish","hentry"],"acf":[],"yoast_head":"<!-- This site is optimized with the Yoast SEO plugin v27.3 - https:\/\/yoast.com\/product\/yoast-seo-wordpress\/ -->\n<title>Kontakt - Fastbolt Deutschland<\/title>\n<meta name=\"description\" content=\"Kontaktieren Sie Fastbolt, Sortimentsspezialist f\u00fcr industrielle Verbindungselemente in Europa.\" \/>\n<meta name=\"robots\" content=\"index, follow, max-snippet:-1, max-image-preview:large, max-video-preview:-1\" \/>\n<link rel=\"canonical\" href=\"https:\/\/www.fastbolt.com\/deutschland\/kontakt\/\" \/>\n<meta property=\"og:locale\" content=\"de_DE\" \/>\n<meta property=\"og:type\" content=\"article\" \/>\n<meta property=\"og:title\" content=\"Kontakt - Fastbolt Deutschland\" \/>\n<meta property=\"og:description\" content=\"Kontaktieren Sie Fastbolt, Sortimentsspezialist f\u00fcr industrielle Verbindungselemente in Europa.\" \/>\n<meta property=\"og:url\" content=\"https:\/\/www.fastbolt.com\/deutschland\/kontakt\/\" \/>\n<meta property=\"og:site_name\" content=\"Fastbolt Deutschland\" \/>\n<meta property=\"article:modified_time\" content=\"2025-01-06T07:21:09+00:00\" \/>\n<meta name=\"twitter:card\" content=\"summary_large_image\" \/>\n<meta name=\"twitter:label1\" content=\"Gesch\u00e4tzte Lesezeit\" \/>\n\t<meta name=\"twitter:data1\" content=\"1\u00a0Minute\" \/>\n<!-- \/ Yoast SEO plugin. -->","yoast_head_json":{"title":"Kontakt - Fastbolt Deutschland","description":"Kontaktieren Sie Fastbolt, Sortimentsspezialist f\u00fcr industrielle Verbindungselemente in Europa.","robots":{"index":"index","follow":"follow","max-snippet":"max-snippet:-1","max-image-preview":"max-image-preview:large","max-video-preview":"max-video-preview:-1"},"canonical":"https:\/\/www.fastbolt.com\/deutschland\/kontakt\/","og_locale":"de_DE","og_type":"article","og_title":"Kontakt - Fastbolt Deutschland","og_description":"Kontaktieren Sie Fastbolt, Sortimentsspezialist f\u00fcr industrielle Verbindungselemente in Europa.","og_url":"https:\/\/www.fastbolt.com\/deutschland\/kontakt\/","og_site_name":"Fastbolt Deutschland","article_modified_time":"2025-01-06T07:21:09+00:00","twitter_card":"summary_large_image","twitter_misc":{"Gesch\u00e4tzte Lesezeit":"1\u00a0Minute"},"schema":{"@context":"https:\/\/schema.org","@graph":[{"@type":"WebPage","@id":"https:\/\/www.fastbolt.com\/deutschland\/kontakt\/","url":"https:\/\/www.fastbolt.com\/deutschland\/kontakt\/","name":"Kontakt - Fastbolt Deutschland","isPartOf":{"@id":"https:\/\/www.fastbolt.com\/deutschland\/#website"},"datePublished":"2018-08-22T12:54:08+00:00","dateModified":"2025-01-06T07:21:09+00:00","description":"Kontaktieren Sie Fastbolt, Sortimentsspezialist f\u00fcr industrielle Verbindungselemente in Europa.","breadcrumb":{"@id":"https:\/\/www.fastbolt.com\/deutschland\/kontakt\/#breadcrumb"},"inLanguage":"de","potentialAction":[{"@type":"ReadAction","target":["https:\/\/www.fastbolt.com\/deutschland\/kontakt\/"]}]},{"@type":"BreadcrumbList","@id":"https:\/\/www.fastbolt.com\/deutschland\/kontakt\/#breadcrumb","itemListElement":[{"@type":"ListItem","position":1,"name":"Startseite","item":"https:\/\/www.fastbolt.com\/deutschland\/"},{"@type":"ListItem","position":2,"name":"Kontakt"}]},{"@type":"WebSite","@id":"https:\/\/www.fastbolt.com\/deutschland\/#website","url":"https:\/\/www.fastbolt.com\/deutschland\/","name":"Fastbolt Deutschland","description":"Eine weitere Fastbolt Websites Website","potentialAction":[{"@type":"SearchAction","target":{"@type":"EntryPoint","urlTemplate":"https:\/\/www.fastbolt.com\/deutschland\/?s={search_term_string}"},"query-input":{"@type":"PropertyValueSpecification","valueRequired":true,"valueName":"search_term_string"}}],"inLanguage":"de"}]}},"_links":{"self":[{"href":"https:\/\/www.fastbolt.com\/deutschland\/wp-json\/wp\/v2\/pages\/29","targetHints":{"allow":["GET"]}}],"collection":[{"href":"https:\/\/www.fastbolt.com\/deutschland\/wp-json\/wp\/v2\/pages"}],"about":[{"href":"https:\/\/www.fastbolt.com\/deutschland\/wp-json\/wp\/v2\/types\/page"}],"author":[{"embeddable":true,"href":"https:\/\/www.fastbolt.com\/deutschland\/wp-json\/wp\/v2\/users\/5"}],"replies":[{"embeddable":true,"href":"https:\/\/www.fastbolt.com\/deutschland\/wp-json\/wp\/v2\/comments?post=29"}],"version-history":[{"count":14,"href":"https:\/\/www.fastbolt.com\/deutschland\/wp-json\/wp\/v2\/pages\/29\/revisions"}],"predecessor-version":[{"id":62632,"href":"https:\/\/www.fastbolt.com\/deutschland\/wp-json\/wp\/v2\/pages\/29\/revisions\/62632"}],"wp:attachment":[{"href":"https:\/\/www.fastbolt.com\/deutschland\/wp-json\/wp\/v2\/media?parent=29"}],"curies":[{"name":"wp","href":"https:\/\/api.w.org\/{rel}","templated":true}]}}