{"id":15711,"date":"2023-09-06T10:46:26","date_gmt":"2023-09-06T08:46:26","guid":{"rendered":"https:\/\/www.fastbolt.com\/deutschland\/?page_id=15711"},"modified":"2023-09-06T10:49:29","modified_gmt":"2023-09-06T08:49:29","slug":"bewerbungsformular-ausbildung","status":"publish","type":"page","link":"https:\/\/www.fastbolt.com\/deutschland\/karriere\/ausbildung\/bewerbungsformular-ausbildung\/","title":{"rendered":"Bewerbungsformular Ausbildung"},"content":{"rendered":"<div class=\"wpb-content-wrapper\"><p>[vc_row][vc_column][vc_row_inner][vc_column_inner][vc_single_image image=&#8221;15712&#8243; img_size=&#8221;1550&#215;800&#8243; alignment=&#8221;center&#8221;][\/vc_column_inner][\/vc_row_inner][vc_column_text]<\/p>\r\n<p style=\"text-align: justify\"><span style=\"font-size: 14pt\">Hi! Sch\u00f6n, dass du dich f\u00fcr eine Ausbildung bei Fastbolt interessierst. Auf ein staubiges Anschreiben kannst du bei uns verzichten &#8211; <strong>f\u00fclle einfach unser Bewerbungsformular aus<\/strong> und h\u00e4nge uns dein letztes Schulzeugnis an. Wenn du m\u00f6chtest kannst du uns auch ein aktuelles Foto von dir und deinen Lebenslauf schicken.\u00a0<\/span><\/p>\r\n\r\n<div class=\"wp-block-contact-form-7-contact-form-selector\" style=\"text-align: justify\">Bei Fragen schicke uns gern eine Email an <span style=\"color: #e30613\"><a style=\"color: #e30613\" href=\"&#109;&#x61;&#x69;l&#116;&#x6f;&#x3a;k&#97;&#x72;r&#105;&#x65;&#x72;e&#64;&#x66;a&#115;&#x74;&#x62;o&#108;&#x74;&#x2e;&#99;&#x6f;&#x6d;\">&#x6b;&#97;&#114;&#x72;&#x69;&#101;&#114;&#x65;&#x40;&#102;&#97;&#x73;&#x74;&#98;&#111;&#x6c;&#x74;&#46;&#99;&#x6f;&#x6d;\u00a0<\/a><\/span><\/div>\r\n<p>[\/vc_column_text][\/vc_column][\/vc_row][vc_row full_width=&#8221;stretch_row&#8221; css=&#8221;.vc_custom_1692881884469{background-color: #efefef !important;}&#8221;][vc_column]\n<div class=\"wpcf7 no-js\" id=\"wpcf7-f15710-o1\" lang=\"de-DE\" dir=\"ltr\" data-wpcf7-id=\"15710\">\n<div class=\"screen-reader-response\"><p role=\"status\" aria-live=\"polite\" aria-atomic=\"true\"><\/p> <ul><\/ul><\/div>\n<form action=\"\/deutschland\/wp-json\/wp\/v2\/pages\/15711#wpcf7-f15710-o1\" method=\"post\" class=\"wpcf7-form init\" aria-label=\"Kontaktformular\" enctype=\"multipart\/form-data\" novalidate=\"novalidate\" data-status=\"init\">\n<fieldset class=\"hidden-fields-container\"><input type=\"hidden\" name=\"_wpcf7\" value=\"15710\" \/><input type=\"hidden\" name=\"_wpcf7_version\" value=\"6.1.5\" \/><input type=\"hidden\" name=\"_wpcf7_locale\" value=\"de_DE\" \/><input type=\"hidden\" name=\"_wpcf7_unit_tag\" value=\"wpcf7-f15710-o1\" \/><input type=\"hidden\" name=\"_wpcf7_container_post\" value=\"0\" \/><input type=\"hidden\" name=\"_wpcf7_posted_data_hash\" value=\"\" \/>\n<\/fieldset>\n<h3>Deine Nachricht\n<\/h3>\n<div class=\"row\">\n\t<div class=\"col-md-12\">\n\t\t<p><span class=\"wpcf7-form-control-wrap\" data-name=\"Nachricht\"><textarea cols=\"40\" rows=\"10\" maxlength=\"2000\" class=\"wpcf7-form-control wpcf7-textarea form-control\" aria-invalid=\"false\" placeholder=\"Nachricht\" name=\"Nachricht\"><\/textarea><\/span>\n\t\t<\/p>\n\t<\/div>\n<\/div>\n<h3>Deine Daten\n<\/h3>\n<div class=\"row\">\n\t<div class=\"col-md-4\">\n\t\t<p><label for=\"Anrede\">Anrede<\/label><br \/>\n<span class=\"wpcf7-form-control-wrap\" data-name=\"Anrede\"><select class=\"wpcf7-form-control wpcf7-select form-control\" aria-invalid=\"false\" name=\"Anrede\"><option value=\"\">--- Anrede ---<\/option><option value=\"Frau\">Frau<\/option><option value=\"Herr\">Herr<\/option><option value=\"Divers\">Divers<\/option><option value=\"Keine Angabe\">Keine Angabe<\/option><\/select><\/span>\n\t\t<\/p>\n\t<\/div>\n\t<div class=\"col-md-4\">\n\t\t<p><label for=\"Vorname\">Vorname <span style=\"color:red\">*<\/span><\/label><br \/>\n<span class=\"wpcf7-form-control-wrap\" data-name=\"Vorname\"><input size=\"40\" maxlength=\"400\" class=\"wpcf7-form-control wpcf7-text wpcf7-validates-as-required form-control\" aria-required=\"true\" aria-invalid=\"false\" placeholder=\"Vorname*\" value=\"\" type=\"text\" name=\"Vorname\" \/><\/span>\n\t\t<\/p>\n\t<\/div>\n\t<div class=\"col-md-4\">\n\t\t<p><label for=\"Name\">Name <span style=\"color:red\">*<\/span><\/label><br \/>\n<span class=\"wpcf7-form-control-wrap\" data-name=\"Name\"><input size=\"40\" maxlength=\"400\" class=\"wpcf7-form-control wpcf7-text wpcf7-validates-as-required form-control\" aria-required=\"true\" aria-invalid=\"false\" placeholder=\"Name*\" value=\"\" type=\"text\" name=\"Name\" \/><\/span>\n\t\t<\/p>\n\t<\/div>\n<\/div>\n<div class=\"row\">\n\t<div class=\"col-md-4\">\n\t\t<p><label for=\"Strasse\">Strasse <\/label><br \/>\n<span class=\"wpcf7-form-control-wrap\" data-name=\"Strasse\"><input size=\"40\" maxlength=\"400\" class=\"wpcf7-form-control wpcf7-text form-control\" aria-invalid=\"false\" placeholder=\"Strasse\" value=\"\" type=\"text\" name=\"Strasse\" \/><\/span>\n\t\t<\/p>\n\t<\/div>\n\t<div class=\"col-md-4\">\n\t\t<p><label for=\"PLZ\">PLZ <span style=\"color:red\">*<\/span><\/label><br \/>\n<span class=\"wpcf7-form-control-wrap\" data-name=\"PLZ\"><input size=\"40\" maxlength=\"400\" class=\"wpcf7-form-control wpcf7-text form-control\" aria-invalid=\"false\" placeholder=\"PLZ*\" value=\"\" type=\"text\" name=\"PLZ\" \/><\/span>\n\t\t<\/p>\n\t<\/div>\n\t<div class=\"col-md-4\">\n\t\t<p><label for=\"Ort\">Ort <span style=\"color:red\">*<\/span><\/label><br \/>\n<span class=\"wpcf7-form-control-wrap\" data-name=\"Ort\"><input size=\"40\" maxlength=\"400\" class=\"wpcf7-form-control wpcf7-text form-control\" aria-invalid=\"false\" placeholder=\"Ort*\" value=\"\" type=\"text\" name=\"Ort\" \/><\/span>\n\t\t<\/p>\n\t<\/div>\n<\/div>\n<p><span id=\"wpcf7-69e4fea85a26e-wrapper\" class=\"wpcf7-form-control-wrap website-wrap\" ><input type=\"hidden\" name=\"website-time-start\" value=\"1776615080\"><input type=\"hidden\" name=\"website-time-check\" value=\"4\"><label for=\"wpcf7-69e4fea85a26e-field\" class=\"hp-message\">Bitte lasse dieses Feld leer.<\/label><input id=\"wpcf7-69e4fea85a26e-field\"  class=\"wpcf7-form-control wpcf7-text\" type=\"text\" name=\"website\" value=\"\" size=\"40\" tabindex=\"-1\" autocomplete=\"new-password\" \/><\/span><br \/>\n<span id=\"wpcf7-69e4fea85a351-wrapper\" class=\"wpcf7-form-control-wrap url-wrap\" ><input type=\"hidden\" name=\"url-time-start\" value=\"1776615080\"><input type=\"hidden\" name=\"url-time-check\" value=\"4\"><label for=\"wpcf7-69e4fea85a351-field\" class=\"hp-message\">Bitte lasse dieses Feld leer.<\/label><input id=\"wpcf7-69e4fea85a351-field\"  class=\"wpcf7-form-control wpcf7-text\" type=\"text\" name=\"url\" value=\"\" size=\"40\" tabindex=\"-1\" autocomplete=\"new-password\" \/><\/span><br \/>\n<span id=\"wpcf7-69e4fea85a3c1-wrapper\" class=\"wpcf7-form-control-wrap nachname-wrap\" ><input type=\"hidden\" name=\"nachname-time-start\" value=\"1776615080\"><input type=\"hidden\" name=\"nachname-time-check\" value=\"4\"><label for=\"wpcf7-69e4fea85a3c1-field\" class=\"hp-message\">Bitte lasse dieses Feld leer.<\/label><input id=\"wpcf7-69e4fea85a3c1-field\"  class=\"wpcf7-form-control wpcf7-text\" type=\"text\" name=\"nachname\" value=\"\" size=\"40\" tabindex=\"-1\" autocomplete=\"new-password\" \/><\/span><br \/>\n<span id=\"wpcf7-69e4fea85a42e-wrapper\" class=\"wpcf7-form-control-wrap mobil-wrap\" ><input type=\"hidden\" name=\"mobil-time-start\" value=\"1776615080\"><input type=\"hidden\" name=\"mobil-time-check\" value=\"4\"><label for=\"wpcf7-69e4fea85a42e-field\" class=\"hp-message\">Bitte lasse dieses Feld leer.<\/label><input id=\"wpcf7-69e4fea85a42e-field\"  class=\"wpcf7-form-control wpcf7-text\" type=\"text\" name=\"mobil\" value=\"\" size=\"40\" tabindex=\"-1\" autocomplete=\"new-password\" \/><\/span>\n<\/p>\n<div class=\"row\">\n\t<div class=\"col-md-4\">\n\t\t<p><label for=\"Geburtsdatum\">Geburtsdatum <span style=\"color:red\">*<\/span><\/label><br \/>\n<span class=\"wpcf7-form-control-wrap\" data-name=\"Geburtsdatum\"><input size=\"40\" maxlength=\"400\" class=\"wpcf7-form-control wpcf7-text wpcf7-validates-as-required form-control\" aria-required=\"true\" aria-invalid=\"false\" placeholder=\"Geburtsdatum*\" value=\"\" type=\"text\" name=\"Geburtsdatum\" \/><\/span>\n\t\t<\/p>\n\t<\/div>\n\t<div class=\"col-md-4\">\n\t\t<p><label for=\"E-Mail\">E-Mail <span style=\"color:red\">*<\/span><\/label><br \/>\n<span class=\"wpcf7-form-control-wrap\" data-name=\"E-Mail\"><input size=\"40\" maxlength=\"400\" class=\"wpcf7-form-control wpcf7-email wpcf7-validates-as-required wpcf7-text wpcf7-validates-as-email form-control\" aria-required=\"true\" aria-invalid=\"false\" placeholder=\"E-Mail*\" value=\"\" type=\"email\" name=\"E-Mail\" \/><\/span>\n\t\t<\/p>\n\t<\/div>\n\t<div class=\"col-md-4\">\n\t\t<p><label for=\"Telefon\">Telefon <\/label><br \/>\n<span class=\"wpcf7-form-control-wrap\" data-name=\"Telefon\"><input size=\"40\" maxlength=\"400\" class=\"wpcf7-form-control wpcf7-text form-control\" aria-invalid=\"false\" placeholder=\"Telefon\" value=\"\" type=\"text\" name=\"Telefon\" \/><\/span>\n\t\t<\/p>\n\t<\/div>\n<\/div>\n<h3>Schule, Praktika, Ausbildung\n<\/h3>\n<div class=\"row\">\n\t<div class=\"col-md-8\">\n\t\t<p><label for=\"Abschluss\">Abschluss <span style=\"color:red\">*<\/span><\/label><br \/>\n<span class=\"wpcf7-form-control-wrap\" data-name=\"Abschluss\"><select class=\"wpcf7-form-control wpcf7-select wpcf7-validates-as-required form-control\" aria-required=\"true\" aria-invalid=\"false\" name=\"Abschluss\"><option value=\"\">--- Was ist dein h\u00f6chster Abschluss* ---<\/option><option value=\"Hauptschulabschluss\">Hauptschulabschluss<\/option><option value=\"Mittlere Reife\">Mittlere Reife<\/option><option value=\"Fachabitur\">Fachabitur<\/option><option value=\"Abitur\">Abitur<\/option><option value=\"ausl\u00e4ndischer Abschluss\">ausl\u00e4ndischer Abschluss<\/option><option value=\"abgeschlossene Ausbildung\">abgeschlossene Ausbildung<\/option><option value=\"Bachelor\">Bachelor<\/option><\/select><\/span>\n\t\t<\/p>\n\t<\/div>\n\t<div class=\"col-md-4\">\n\t\t<p><label for=\"Datum\">Datum <\/label><br \/>\n<span class=\"wpcf7-form-control-wrap\" data-name=\"Datum\"><input size=\"40\" maxlength=\"400\" class=\"wpcf7-form-control wpcf7-text form-control\" aria-invalid=\"false\" placeholder=\"Wann machst du deinen Abschluss?\" value=\"\" type=\"text\" name=\"Datum\" \/><\/span>\n\t\t<\/p>\n\t<\/div>\n<\/div>\n<div class=\"row\">\n\t<div class=\"col-md-12\">\n\t\t<p><label for=\"Prakitka\">Praktika <\/label><br \/>\n<span class=\"wpcf7-form-control-wrap\" data-name=\"Praktika\"><input size=\"40\" maxlength=\"400\" class=\"wpcf7-form-control wpcf7-text form-control\" aria-invalid=\"false\" placeholder=\"Welche Praktika hast du bereits absolviert?\" value=\"\" type=\"text\" name=\"Praktika\" \/><\/span>\n\t\t<\/p>\n\t<\/div>\n<\/div>\n<div class=\"row\">\n\t<div class=\"col-md-12\">\n\t\t<p><label for=\"Ausbildungsberuf\">Ausbildungsberuf <span style=\"color:red\">*<\/span><\/label><br \/>\n<span class=\"wpcf7-form-control-wrap\" data-name=\"Ausbildungsberuf\"><select class=\"wpcf7-form-control wpcf7-select wpcf7-validates-as-required form-control\" aria-required=\"true\" aria-invalid=\"false\" name=\"Ausbildungsberuf\"><option value=\"\">--- Ausbildungsberuf* ---<\/option><option value=\"Kaufmann f\u00fcr Gro\u00df- und Au\u00dfenhandelsmangement (m\/w\/d)\">Kaufmann f\u00fcr Gro\u00df- und Au\u00dfenhandelsmangement (m\/w\/d)<\/option><option value=\"Fachkraft f\u00fcr Lagerlogistik (m\/w\/d)\">Fachkraft f\u00fcr Lagerlogistik (m\/w\/d)<\/option><option value=\"Kaufmann f\u00fcr E-Commerce (m\/w\/d)\">Kaufmann f\u00fcr E-Commerce (m\/w\/d)<\/option><option value=\"Fachinformatiker f\u00fcr Anwendungsentwicklung (m\/w\/d)\">Fachinformatiker f\u00fcr Anwendungsentwicklung (m\/w\/d)<\/option><option value=\"Duales Studium - Betriebswirtschaft &amp; Gro\u00df- und Au\u00dfenhandelsmanagement (m\/w\/d)\">Duales Studium - Betriebswirtschaft &amp; Gro\u00df- und Au\u00dfenhandelsmanagement (m\/w\/d)<\/option><\/select><\/span>\n\t\t<\/p>\n\t<\/div>\n<\/div>\n<div class=\"row\">\n\t<div class=\"col-md-12\">\n\t\t<p><label for=\"Woher\">Woher <span style=\"color:red\">*<\/span><\/label><br \/>\n<span class=\"wpcf7-form-control-wrap\" data-name=\"Woher\"><select class=\"wpcf7-form-control wpcf7-select wpcf7-validates-as-required form-control\" aria-required=\"true\" aria-invalid=\"false\" name=\"Woher\"><option value=\"\">--- Wie hast du uns gefunden?* ---<\/option><option value=\"Fastbolt Homepage\">Fastbolt Homepage<\/option><option value=\"Arbeitsamt\">Arbeitsamt<\/option><option value=\"Googlesuche\">Googlesuche<\/option><option value=\"Google 4 Jobs\">Google 4 Jobs<\/option><option value=\"Facebook\">Facebook<\/option><option value=\"Instagram\">Instagram<\/option><option value=\"Aubi plus\">Aubi plus<\/option><option value=\"Sonstiges Stellenportal\">Sonstiges Stellenportal<\/option><option value=\"Empfehlung von Familie oder Freunden\">Empfehlung von Familie oder Freunden<\/option><option value=\"Sonstige\">Sonstige<\/option><\/select><\/span>\n\t\t<\/p>\n\t<\/div>\n<\/div>\n<h3>\u00dcber Dich\n<\/h3>\n<div class=\"row\">\n\t<div class=\"col-md-4\">\n\t\t<p><label for=\"Hobbies\">Hobbies <\/label><br \/>\n<span class=\"wpcf7-form-control-wrap\" data-name=\"Hobbies\"><textarea cols=\"40\" rows=\"10\" maxlength=\"2000\" class=\"wpcf7-form-control wpcf7-textarea form-control\" aria-invalid=\"false\" placeholder=\"Was sind deine Hobbies?\" name=\"Hobbies\"><\/textarea><\/span>\n\t\t<\/p>\n\t<\/div>\n\t<div class=\"col-md-4\">\n\t\t<p><label for=\"Kenntnisse\">Kenntnisse <\/label><br \/>\n<span class=\"wpcf7-form-control-wrap\" data-name=\"Kenntnisse\"><textarea cols=\"40\" rows=\"10\" maxlength=\"2000\" class=\"wpcf7-form-control wpcf7-textarea form-control\" aria-invalid=\"false\" placeholder=\"Welche weiteren Kenntnisse (z. B. Fremdsprachen) hast du?\" name=\"Kenntnisse\"><\/textarea><\/span>\n\t\t<\/p>\n\t<\/div>\n\t<div class=\"col-md-4\">\n\t\t<p><label for=\"Sonstiges\">Sonstiges <\/label><br \/>\n<span class=\"wpcf7-form-control-wrap\" data-name=\"Sonstiges\"><textarea cols=\"40\" rows=\"10\" maxlength=\"2000\" class=\"wpcf7-form-control wpcf7-textarea form-control\" aria-invalid=\"false\" placeholder=\"Was sollten wir sonst \u00fcber dich wissen?\" name=\"Sonstiges\"><\/textarea><\/span>\n\t\t<\/p>\n\t<\/div>\n<\/div>\n<h3>Anlagen\n<\/h3>\n<div class=\"row\">\n\t<div class=\"col-md-12\">\n\t\t<p>Fast geschafft! Bitte lade uns dein letztes Schulzeugnis hoch, damit wir uns einen \u00dcberblick \u00fcber deine Noten verschaffen k\u00f6nnen. Wenn du m\u00f6chtest, kannst du uns auch ein Foto von dir, deinen Lebenslauf oder sonstige Unterlagen hochladen, die du mit uns teilen m\u00f6chtest. Du kannst folgende Dateiformate hochladen: PDF, PNG, JPG, JPEG und TXT. Die Datei sollte nicht gr\u00f6\u00dfer als 5 MB sein.\n\t\t<\/p>\n\t<\/div>\n<\/div>\n<div class=\"row\">\n\t<div class=\"col-md-6\">\n\t\t<p><label for=\"Zeugnis\">Zeugnis <span style=\"color:red\">*<\/span><\/label><br \/>\n<span class=\"wpcf7-form-control-wrap\" data-name=\"Zeugnis\"><input size=\"40\" class=\"wpcf7-form-control wpcf7-file wpcf7-validates-as-required\" accept=\".pdf,.png,.jpg,.jpeg,.txt\" aria-required=\"true\" aria-invalid=\"false\" type=\"file\" name=\"Zeugnis\" \/><\/span>\n\t\t<\/p>\n\t<\/div>\n\t<div class=\"col-md-6\">\n\t\t<p><label for=\"Lebenslauf\">Lebenslauf <\/label><br \/>\n<span class=\"wpcf7-form-control-wrap\" data-name=\"Lebenslauf\"><input size=\"40\" class=\"wpcf7-form-control wpcf7-file\" accept=\".pdf,.png,.jpg,.jpeg,.txt\" aria-invalid=\"false\" type=\"file\" name=\"Lebenslauf\" \/><\/span>\n\t\t<\/p>\n\t<\/div>\n<\/div>\n<div class=\"row\">\n\t<div class=\"col-md-6\">\n\t\t<p><label for=\"Foto\">Foto <\/label><br \/>\n<span class=\"wpcf7-form-control-wrap\" data-name=\"Foto\"><input size=\"40\" class=\"wpcf7-form-control wpcf7-file\" accept=\".pdf,.png,.jpg,.jpeg,.txt\" aria-invalid=\"false\" type=\"file\" name=\"Foto\" \/><\/span>\n\t\t<\/p>\n\t<\/div>\n<\/div>\n<div class=\"row\">\n\t<div class=\"col-md-12\">\n\t\t<p><span class=\"wpcf7-form-control-wrap\" data-name=\"datenschutz\"><span class=\"wpcf7-form-control wpcf7-acceptance\"><span class=\"wpcf7-list-item\"><input type=\"checkbox\" name=\"datenschutz\" value=\"1\" id=\"datenschutz\" aria-invalid=\"false\" \/><\/span><\/span><\/span><label for=\"datenschutz\">Ich habe die <a href=\"\/datenschutz\/\" style=\"text-decoration:underline\">Datenschutzerkl\u00e4rung<\/a> zur Kenntnis genommen und best\u00e4tige dies mit dem Absenden der Nachricht. Ich stimme zu, dass meine Angaben und Daten zur Beantwortung meiner Anfrage elektronisch erhoben und gespeichert werden. Die Einwilligung kann ich jederzeit f\u00fcr die Zukunft widerrufen.<\/label>\n\t\t<\/p>\n\t<\/div>\n<\/div>\n<div class=\"row\">\n\t<div class=\"col-md-12\">\n\t<\/div>\n<\/div>\n<div class=\"row\">\n\t<div class=\"col-md-12\">\n\t\t<p><input class=\"wpcf7-form-control wpcf7-submit has-spinner btn btn-primary\" type=\"submit\" value=\"SENDEN\" \/>\n\t\t<\/p>\n\t<\/div>\n<\/div><input type='hidden' class='wpcf7-pum' value='{\"closepopup\":false,\"closedelay\":0,\"openpopup\":false,\"openpopup_id\":0}' \/><div class=\"wpcf7-response-output\" aria-hidden=\"true\"><\/div>\n<\/form>\n<\/div>\n[vc_empty_space height=&#8221;75&#8243;][\/vc_column][\/vc_row][vc_row][vc_column][vc_column_text]<\/p>\r\n\r\n\r\n\r\n<p>[\/vc_column_text][\/vc_column][\/vc_row]<\/p><\/div>","protected":false},"excerpt":{"rendered":"<p>[vc_row][vc_column][vc_row_inner][vc_column_inner][vc_single_image image=&#8221;15712&#8243; img_size=&#8221;1550&#215;800&#8243; alignment=&#8221;center&#8221;][\/vc_column_inner][\/vc_row_inner][vc_column_text] Hi! Sch\u00f6n, dass du dich f\u00fcr eine Ausbildung bei Fastbolt interessierst. Auf ein staubiges Anschreiben kannst du bei uns verzichten &#8211; f\u00fclle einfach unser Bewerbungsformular aus und h\u00e4nge uns dein letztes Schulzeugnis an. Wenn du m\u00f6chtest kannst du uns auch ein aktuelles Foto von dir und deinen Lebenslauf schicken.\u00a0 [\/vc_column_text][\/vc_column][\/vc_row]<\/p>\n","protected":false},"author":15,"featured_media":0,"parent":938,"menu_order":0,"comment_status":"closed","ping_status":"closed","template":"","meta":{"_acf_changed":false,"inline_featured_image":false,"footnotes":""},"class_list":["post-15711","page","type-page","status-publish","hentry"],"acf":[],"yoast_head":"<!-- This site is optimized with the Yoast SEO plugin v27.3 - https:\/\/yoast.com\/product\/yoast-seo-wordpress\/ -->\n<title>Bewerbungsformular Ausbildung - Fastbolt Deutschland<\/title>\n<meta name=\"robots\" content=\"index, follow, max-snippet:-1, max-image-preview:large, max-video-preview:-1\" \/>\n<link rel=\"canonical\" href=\"https:\/\/www.fastbolt.com\/deutschland\/karriere\/ausbildung\/bewerbungsformular-ausbildung\/\" \/>\n<meta property=\"og:locale\" content=\"de_DE\" \/>\n<meta property=\"og:type\" content=\"article\" \/>\n<meta property=\"og:title\" content=\"Bewerbungsformular Ausbildung - Fastbolt Deutschland\" \/>\n<meta property=\"og:description\" content=\"[vc_row][vc_column][vc_row_inner][vc_column_inner][vc_single_image image=&#8221;15712&#8243; img_size=&#8221;1550&#215;800&#8243; alignment=&#8221;center&#8221;][\/vc_column_inner][\/vc_row_inner][vc_column_text] Hi! Sch\u00f6n, dass du dich f\u00fcr eine Ausbildung bei Fastbolt interessierst. Auf ein staubiges Anschreiben kannst du bei uns verzichten &#8211; f\u00fclle einfach unser Bewerbungsformular aus und h\u00e4nge uns dein letztes Schulzeugnis an. Wenn du m\u00f6chtest kannst du uns auch ein aktuelles Foto von dir und deinen Lebenslauf schicken.\u00a0 [\/vc_column_text][\/vc_column][\/vc_row]\" \/>\n<meta property=\"og:url\" content=\"https:\/\/www.fastbolt.com\/deutschland\/karriere\/ausbildung\/bewerbungsformular-ausbildung\/\" \/>\n<meta property=\"og:site_name\" content=\"Fastbolt Deutschland\" \/>\n<meta property=\"article:modified_time\" content=\"2023-09-06T08:49:29+00:00\" \/>\n<meta name=\"twitter:card\" content=\"summary_large_image\" \/>\n<meta name=\"twitter:label1\" content=\"Gesch\u00e4tzte Lesezeit\" \/>\n\t<meta name=\"twitter:data1\" content=\"1\u00a0Minute\" \/>\n<!-- \/ Yoast SEO plugin. -->","yoast_head_json":{"title":"Bewerbungsformular Ausbildung - Fastbolt Deutschland","robots":{"index":"index","follow":"follow","max-snippet":"max-snippet:-1","max-image-preview":"max-image-preview:large","max-video-preview":"max-video-preview:-1"},"canonical":"https:\/\/www.fastbolt.com\/deutschland\/karriere\/ausbildung\/bewerbungsformular-ausbildung\/","og_locale":"de_DE","og_type":"article","og_title":"Bewerbungsformular Ausbildung - Fastbolt Deutschland","og_description":"[vc_row][vc_column][vc_row_inner][vc_column_inner][vc_single_image image=&#8221;15712&#8243; img_size=&#8221;1550&#215;800&#8243; alignment=&#8221;center&#8221;][\/vc_column_inner][\/vc_row_inner][vc_column_text] Hi! Sch\u00f6n, dass du dich f\u00fcr eine Ausbildung bei Fastbolt interessierst. Auf ein staubiges Anschreiben kannst du bei uns verzichten &#8211; f\u00fclle einfach unser Bewerbungsformular aus und h\u00e4nge uns dein letztes Schulzeugnis an. Wenn du m\u00f6chtest kannst du uns auch ein aktuelles Foto von dir und deinen Lebenslauf schicken.\u00a0 [\/vc_column_text][\/vc_column][\/vc_row]","og_url":"https:\/\/www.fastbolt.com\/deutschland\/karriere\/ausbildung\/bewerbungsformular-ausbildung\/","og_site_name":"Fastbolt Deutschland","article_modified_time":"2023-09-06T08:49:29+00:00","twitter_card":"summary_large_image","twitter_misc":{"Gesch\u00e4tzte Lesezeit":"1\u00a0Minute"},"schema":{"@context":"https:\/\/schema.org","@graph":[{"@type":"WebPage","@id":"https:\/\/www.fastbolt.com\/deutschland\/karriere\/ausbildung\/bewerbungsformular-ausbildung\/","url":"https:\/\/www.fastbolt.com\/deutschland\/karriere\/ausbildung\/bewerbungsformular-ausbildung\/","name":"Bewerbungsformular Ausbildung - Fastbolt Deutschland","isPartOf":{"@id":"https:\/\/www.fastbolt.com\/deutschland\/#website"},"datePublished":"2023-09-06T08:46:26+00:00","dateModified":"2023-09-06T08:49:29+00:00","breadcrumb":{"@id":"https:\/\/www.fastbolt.com\/deutschland\/karriere\/ausbildung\/bewerbungsformular-ausbildung\/#breadcrumb"},"inLanguage":"de","potentialAction":[{"@type":"ReadAction","target":["https:\/\/www.fastbolt.com\/deutschland\/karriere\/ausbildung\/bewerbungsformular-ausbildung\/"]}]},{"@type":"BreadcrumbList","@id":"https:\/\/www.fastbolt.com\/deutschland\/karriere\/ausbildung\/bewerbungsformular-ausbildung\/#breadcrumb","itemListElement":[{"@type":"ListItem","position":1,"name":"Startseite","item":"https:\/\/www.fastbolt.com\/deutschland\/"},{"@type":"ListItem","position":2,"name":"Karriere","item":"https:\/\/www.fastbolt.com\/deutschland\/karriere\/"},{"@type":"ListItem","position":3,"name":"Ausbildungen","item":"https:\/\/www.fastbolt.com\/deutschland\/karriere\/ausbildung\/"},{"@type":"ListItem","position":4,"name":"Bewerbungsformular Ausbildung"}]},{"@type":"WebSite","@id":"https:\/\/www.fastbolt.com\/deutschland\/#website","url":"https:\/\/www.fastbolt.com\/deutschland\/","name":"Fastbolt Deutschland","description":"Eine weitere Fastbolt Websites Website","potentialAction":[{"@type":"SearchAction","target":{"@type":"EntryPoint","urlTemplate":"https:\/\/www.fastbolt.com\/deutschland\/?s={search_term_string}"},"query-input":{"@type":"PropertyValueSpecification","valueRequired":true,"valueName":"search_term_string"}}],"inLanguage":"de"}]}},"_links":{"self":[{"href":"https:\/\/www.fastbolt.com\/deutschland\/wp-json\/wp\/v2\/pages\/15711","targetHints":{"allow":["GET"]}}],"collection":[{"href":"https:\/\/www.fastbolt.com\/deutschland\/wp-json\/wp\/v2\/pages"}],"about":[{"href":"https:\/\/www.fastbolt.com\/deutschland\/wp-json\/wp\/v2\/types\/page"}],"author":[{"embeddable":true,"href":"https:\/\/www.fastbolt.com\/deutschland\/wp-json\/wp\/v2\/users\/15"}],"replies":[{"embeddable":true,"href":"https:\/\/www.fastbolt.com\/deutschland\/wp-json\/wp\/v2\/comments?post=15711"}],"version-history":[{"count":2,"href":"https:\/\/www.fastbolt.com\/deutschland\/wp-json\/wp\/v2\/pages\/15711\/revisions"}],"predecessor-version":[{"id":15714,"href":"https:\/\/www.fastbolt.com\/deutschland\/wp-json\/wp\/v2\/pages\/15711\/revisions\/15714"}],"up":[{"embeddable":true,"href":"https:\/\/www.fastbolt.com\/deutschland\/wp-json\/wp\/v2\/pages\/938"}],"wp:attachment":[{"href":"https:\/\/www.fastbolt.com\/deutschland\/wp-json\/wp\/v2\/media?parent=15711"}],"curies":[{"name":"wp","href":"https:\/\/api.w.org\/{rel}","templated":true}]}}